{"id":2,"date":"2023-01-24T12:51:03","date_gmt":"2023-01-24T12:51:03","guid":{"rendered":"https:\/\/orcasolutions5.wordpress.com\/home\/"},"modified":"2024-03-25T10:22:37","modified_gmt":"2024-03-25T10:22:37","slug":"naslovna","status":"publish","type":"page","link":"https:\/\/orca-solutions.hr\/site\/en\/naslovna\/","title":{"rendered":"Home"},"content":{"rendered":"<h1 class=\"wp-block-heading has-text-align-center\">ORGANIZATION FOR ROBOTICS CONSTRUCTION AND AUTOMATION <\/h1>\n\n\n\n<p class=\"has-medium-font-size\">Our mission is to provide top-notch services and products that will improve the efficiency and productivity of our clients. We focus on developing innovative solutions that will help our clients achieve their business goals.<\/p>\n\n\n\n<p class=\"has-medium-font-size\">Our offerings include designing, building, and maintaining robotic systems, automating processes and constructing equipment. We also offer maintenance and servicing for existing robotic systems and equipment.<\/p>\n\n\n\n<p class=\"has-medium-font-size\">We believe that technology is key to progress and development, so we constantly strive to stay up-to-date and apply new technologies in order to provide top-notch services to our clients<\/p>\n\n\n\n<h2 class=\"wp-block-heading has-text-align-center\">WHAT WE OFFER<\/h2>\n\n\n\n<p class=\"has-medium-font-size\">Innovations and the development of new systems and solutions in various branches are our greatest passion. We implement robotic solutions in all branches of production and everyday life, therefore, we always adhere to our motto \"Teach steel, save bones\".<\/p>\n\n\n\n<figure class=\"wp-block-image size-large\"><img loading=\"lazy\" decoding=\"async\" width=\"1024\" height=\"784\" src=\"http:\/\/orca-solutions.hr\/site\/wp-content\/uploads\/2023\/02\/possessed-photography-drmqiaubdws-unsplash-1024x784.jpg\" alt=\"\" class=\"wp-image-123\" srcset=\"https:\/\/orca-solutions.hr\/site\/wp-content\/uploads\/2023\/02\/possessed-photography-drmqiaubdws-unsplash-1024x784.jpg 1024w, https:\/\/orca-solutions.hr\/site\/wp-content\/uploads\/2023\/02\/possessed-photography-drmqiaubdws-unsplash-300x230.jpg 300w, https:\/\/orca-solutions.hr\/site\/wp-content\/uploads\/2023\/02\/possessed-photography-drmqiaubdws-unsplash-768x588.jpg 768w, https:\/\/orca-solutions.hr\/site\/wp-content\/uploads\/2023\/02\/possessed-photography-drmqiaubdws-unsplash-1536x1176.jpg 1536w, https:\/\/orca-solutions.hr\/site\/wp-content\/uploads\/2023\/02\/possessed-photography-drmqiaubdws-unsplash-2048x1568.jpg 2048w\" sizes=\"auto, (max-width: 1024px) 100vw, 1024px\" \/><\/figure>\n\n\n\n<h2 class=\"wp-block-heading has-text-align-center\">ROBOTICS AND AUTOMATION<\/h2>\n\n\n\n<ol class=\"wp-block-list\">\n<li class=\"has-medium-font-size\">Design, programming and installation of robotic systems:\n<ul class=\"wp-block-list\">\n<li>Designing robotic systems that are tailored to the needs of your business. Our experts are highly qualified and have many years of experience in this field.<\/li>\n\n\n\n<li>We offer installation and maintenance services for all types of robots, but we have the most experience with KUKA and FANUC robots.<\/li>\n<\/ul>\n<\/li>\n\n\n\n<li class=\"has-medium-font-size\">Automation of processes:\n<ul class=\"wp-block-list\">\n<li>Providing automation services to improve the efficiency and productivity of your business. Our experts will work with you to understand your needs and develop solutions that will meet your needs.<\/li>\n\n\n\n<li>PLC \/ SCADA programming<\/li>\n\n\n\n<li>Designing and manufacturing  electrical cabinets<\/li>\n<\/ul>\n<\/li>\n\n\n\n<li class=\"has-medium-font-size\">Equipment construction:\n<ul class=\"wp-block-list\">\n<li>Design and manufacture equipment that is tailored to the needs of your business. Our experts are highly qualified and have many years of experience in this field.<\/li>\n<\/ul>\n<\/li>\n\n\n\n<li class=\"has-medium-font-size\">Simulations:\n<ul class=\"wp-block-list\">\n<li>Creating simulations or visualizations of the production process leads to better development and optimization of the process itself.<\/li>\n<\/ul>\n<\/li>\n\n\n\n<li class=\"has-medium-font-size\">Customized machine building:\n<ul class=\"wp-block-list\">\n<li>Innovation is the key to success, so we are extremely pleased to create a machine tailored to your needs.<\/li>\n<\/ul>\n<\/li>\n<\/ol>\n\n\n\n<figure class=\"wp-block-image size-large\"><img loading=\"lazy\" decoding=\"async\" width=\"1024\" height=\"683\" src=\"http:\/\/orca-solutions.hr\/site\/wp-content\/uploads\/2023\/02\/mech-mind-v3c07qk3eoy-unsplash-1-1024x683.jpg\" alt=\"\" class=\"wp-image-92\" srcset=\"https:\/\/orca-solutions.hr\/site\/wp-content\/uploads\/2023\/02\/mech-mind-v3c07qk3eoy-unsplash-1-1024x683.jpg 1024w, https:\/\/orca-solutions.hr\/site\/wp-content\/uploads\/2023\/02\/mech-mind-v3c07qk3eoy-unsplash-1-300x200.jpg 300w, https:\/\/orca-solutions.hr\/site\/wp-content\/uploads\/2023\/02\/mech-mind-v3c07qk3eoy-unsplash-1-768x512.jpg 768w, https:\/\/orca-solutions.hr\/site\/wp-content\/uploads\/2023\/02\/mech-mind-v3c07qk3eoy-unsplash-1-1536x1024.jpg 1536w, https:\/\/orca-solutions.hr\/site\/wp-content\/uploads\/2023\/02\/mech-mind-v3c07qk3eoy-unsplash-1-2048x1365.jpg 2048w\" sizes=\"auto, (max-width: 1024px) 100vw, 1024px\" \/><\/figure>\n\n\n\n<h2 class=\"wp-block-heading has-text-align-center\"><strong>MAINTENANCE OF PRODUCTION<\/strong><\/h2>\n\n\n\n<p class=\"has-medium-font-size\">It is very easy to conclude how important maintenance quality is for any production facility. High level of process reliability and efficient troubleshooting are one of the main factors for successful production. For maintenance efficiency, it is important to be well-acquainted with the production system, which leads to more efficient detection and elimination of the cause of failure. That is why we offer you maintenance service in several different packages:<\/p>\n\n\n\n<ol class=\"wp-block-list\">\n<li class=\"has-medium-font-size\">Maintenance on call<\/li>\n\n\n\n<li class=\"has-medium-font-size\">Continuous maintenance (Maintenance contract for a specific period of time)<\/li>\n\n\n\n<li class=\"has-medium-font-size\">Continuous maintenance and process optimization (Maintenance contract for a specific period of time and continuous monitoring, analysis and optimization of the production process.)<\/li>\n<\/ol>\n\n\n\n<figure class=\"wp-block-image size-large\"><img loading=\"lazy\" decoding=\"async\" width=\"819\" height=\"1024\" src=\"http:\/\/orca-solutions.hr\/site\/wp-content\/uploads\/2023\/02\/spencer-davis-ufbyinqeqvw-unsplash-819x1024.jpg\" alt=\"\" class=\"wp-image-93\" srcset=\"https:\/\/orca-solutions.hr\/site\/wp-content\/uploads\/2023\/02\/spencer-davis-ufbyinqeqvw-unsplash-819x1024.jpg 819w, https:\/\/orca-solutions.hr\/site\/wp-content\/uploads\/2023\/02\/spencer-davis-ufbyinqeqvw-unsplash-240x300.jpg 240w, https:\/\/orca-solutions.hr\/site\/wp-content\/uploads\/2023\/02\/spencer-davis-ufbyinqeqvw-unsplash-768x960.jpg 768w, https:\/\/orca-solutions.hr\/site\/wp-content\/uploads\/2023\/02\/spencer-davis-ufbyinqeqvw-unsplash-1229x1536.jpg 1229w, https:\/\/orca-solutions.hr\/site\/wp-content\/uploads\/2023\/02\/spencer-davis-ufbyinqeqvw-unsplash-1638x2048.jpg 1638w, https:\/\/orca-solutions.hr\/site\/wp-content\/uploads\/2023\/02\/spencer-davis-ufbyinqeqvw-unsplash-scaled.jpg 2048w\" sizes=\"auto, (max-width: 819px) 100vw, 819px\" \/><\/figure>\n\n\n\n<h2 class=\"wp-block-heading has-text-align-center\">MACHINE BUILDING<\/h2>\n\n\n\n<p class=\"has-medium-font-size\">Innovation is the key to success, so it is our extreme pleasure to create a machine tailored to your needs. Here is an example of a few custom made machines we can make<\/p>\n\n\n\n<ol class=\"wp-block-list\">\n<li class=\"has-medium-font-size\">Robots<\/li>\n\n\n\n<li class=\"has-medium-font-size\">Various gantry system <\/li>\n\n\n\n<li class=\"has-medium-font-size\">CNC machines<\/li>\n\n\n\n<li class=\"has-medium-font-size\">Industrial conveyors<\/li>\n\n\n\n<li class=\"has-medium-font-size\">Packaging machines<\/li>\n\n\n\n<li class=\"has-medium-font-size\">Welding systems<\/li>\n\n\n\n<li class=\"has-medium-font-size\">Tools and assembling devices<\/li>\n<\/ol>\n\n\n\n<h2 class=\"wp-block-heading has-text-align-center\">EMBEDDED SYSTEMS<\/h2>\n\n\n\n<p class=\"has-medium-font-size\">We design and manufacture various embedded systems for your needs.<\/p>\n\n\n\n<ol class=\"wp-block-list\">\n<li class=\"has-medium-font-size\">Microcontroller programming<\/li>\n\n\n\n<li class=\"has-medium-font-size\">Designing printed circuit boards (PCBs)<\/li>\n\n\n\n<li class=\"has-medium-font-size\">Development of control and management systems<\/li>\n\n\n\n<li class=\"has-medium-font-size\">Development of warehouse monitoring systems<\/li>\n\n\n\n<li class=\"has-medium-font-size\">Development of various electronic devices<\/li>\n\n\n\n<li class=\"has-medium-font-size\">IoT (internet of things)<\/li>\n<\/ol>\n\n\n\n<figure class=\"wp-block-image size-large\"><img loading=\"lazy\" decoding=\"async\" width=\"1024\" height=\"575\" src=\"http:\/\/orca-solutions.hr\/site\/wp-content\/uploads\/2023\/02\/axel-r-ky0b3cbjgko-unsplash-1024x575.jpg\" alt=\"\" class=\"wp-image-96\" srcset=\"https:\/\/orca-solutions.hr\/site\/wp-content\/uploads\/2023\/02\/axel-r-ky0b3cbjgko-unsplash-1024x575.jpg 1024w, https:\/\/orca-solutions.hr\/site\/wp-content\/uploads\/2023\/02\/axel-r-ky0b3cbjgko-unsplash-300x169.jpg 300w, https:\/\/orca-solutions.hr\/site\/wp-content\/uploads\/2023\/02\/axel-r-ky0b3cbjgko-unsplash-768x431.jpg 768w, https:\/\/orca-solutions.hr\/site\/wp-content\/uploads\/2023\/02\/axel-r-ky0b3cbjgko-unsplash-1536x863.jpg 1536w, https:\/\/orca-solutions.hr\/site\/wp-content\/uploads\/2023\/02\/axel-r-ky0b3cbjgko-unsplash-2048x1151.jpg 2048w\" sizes=\"auto, (max-width: 1024px) 100vw, 1024px\" \/><\/figure>\n\n\n\n<h2 class=\"wp-block-heading has-text-align-center\">CONSTRUCTION AND DESIGN<\/h2>\n\n\n\n<ol class=\"wp-block-list\">\n<li class=\"has-medium-font-size\">Designing of mechanical constructions<\/li>\n\n\n\n<li class=\"has-medium-font-size\">Designing of electrical installations<\/li>\n\n\n\n<li class=\"has-medium-font-size\">Creation of technical documentation<\/li>\n\n\n\n<li class=\"has-medium-font-size\">Designing of production lines<\/li>\n\n\n\n<li class=\"has-medium-font-size\">Creation of prototypes and conceptual solutions<\/li>\n\n\n\n<li class=\"has-medium-font-size\">Tools and assembling devices<\/li>\n<\/ol>\n\n\n\n<figure class=\"wp-block-image size-full\"><img decoding=\"async\" src=\"http:\/\/orca-solutions.hr\/site\/wp-content\/uploads\/2023\/02\/thisisengineering-raeng-we-binwgwxc-unsplash.jpg\" alt=\"\" class=\"wp-image-97\"\/><\/figure>","protected":false},"excerpt":{"rendered":"<p>ORGANIZACIJA ZA ROBOTIKU KONSTRUKCIJU I AUTOMATIZACIJU Na\u0161a misija je pru\u017eiti vrhunske usluge i proizvode koji \u0107e pobolj\u0161ati u\u010dinkovitost i produktivnost na\u0161ih klijenata. Fokusiramo se na razvoj inovativnih rje\u0161enja koja \u0107e pomo\u0107i na\u0161im klijentima posti\u0107i svoje poslovne ciljeve. Na\u0161a ponuda uklju\u010duje dizajniranje, izgradnju i odr\u017eavanje robotskih sustava, automatizaciju procesa i izradu opreme. Tako\u0111er nudimo odr\u017eavanje i [&hellip;]<\/p>","protected":false},"author":2,"featured_media":84,"parent":0,"menu_order":0,"comment_status":"closed","ping_status":"closed","template":"","meta":{"om_disable_all_campaigns":false,"_monsterinsights_skip_tracking":false,"_monsterinsights_sitenote_active":false,"_monsterinsights_sitenote_note":"","_monsterinsights_sitenote_category":0,"_uf_show_specific_survey":0,"_uf_disable_surveys":false,"footnotes":""},"class_list":["post-2","page","type-page","status-publish","has-post-thumbnail","hentry"],"yoast_head":"<!-- This site is optimized with the Yoast SEO plugin v23.1 - https:\/\/yoast.com\/wordpress\/plugins\/seo\/ -->\n<title>Naslovna - ORCA SOLUTIONS<\/title>\n<meta name=\"robots\" content=\"index, follow, max-snippet:-1, max-image-preview:large, max-video-preview:-1\" \/>\n<link rel=\"canonical\" href=\"https:\/\/orca-solutions.hr\/site\/en\/naslovna\/\" \/>\n<meta property=\"og:locale\" content=\"en_US\" \/>\n<meta property=\"og:type\" content=\"article\" \/>\n<meta property=\"og:title\" content=\"Naslovna - ORCA SOLUTIONS\" \/>\n<meta property=\"og:description\" content=\"ORGANIZACIJA ZA ROBOTIKU KONSTRUKCIJU I AUTOMATIZACIJU Na\u0161a misija je pru\u017eiti vrhunske usluge i proizvode koji \u0107e pobolj\u0161ati u\u010dinkovitost i produktivnost na\u0161ih klijenata. Fokusiramo se na razvoj inovativnih rje\u0161enja koja \u0107e pomo\u0107i na\u0161im klijentima posti\u0107i svoje poslovne ciljeve. Na\u0161a ponuda uklju\u010duje dizajniranje, izgradnju i odr\u017eavanje robotskih sustava, automatizaciju procesa i izradu opreme. Tako\u0111er nudimo odr\u017eavanje i [&hellip;]\" \/>\n<meta property=\"og:url\" content=\"https:\/\/orca-solutions.hr\/site\/en\/naslovna\/\" \/>\n<meta property=\"og:site_name\" content=\"ORCA SOLUTIONS\" \/>\n<meta property=\"article:publisher\" content=\"https:\/\/www.facebook.com\/profile.php?id=100093337872576\" \/>\n<meta property=\"article:modified_time\" content=\"2024-03-25T10:22:37+00:00\" \/>\n<meta property=\"og:image\" content=\"https:\/\/orca-solutions.hr\/site\/wp-content\/uploads\/2023\/02\/lenny-kuhne-jhz70nrk7ns-unsplash-scaled.jpg\" \/>\n\t<meta property=\"og:image:width\" content=\"2560\" \/>\n\t<meta property=\"og:image:height\" content=\"1707\" \/>\n\t<meta property=\"og:image:type\" content=\"image\/jpeg\" \/>\n<meta name=\"twitter:card\" content=\"summary_large_image\" \/>\n<meta name=\"twitter:label1\" content=\"Est. reading time\" \/>\n\t<meta name=\"twitter:data1\" content=\"3 minutes\" \/>\n<script type=\"application\/ld+json\" class=\"yoast-schema-graph\">{\"@context\":\"https:\/\/schema.org\",\"@graph\":[{\"@type\":\"WebPage\",\"@id\":\"https:\/\/orca-solutions.hr\/site\/en\/naslovna\/\",\"url\":\"https:\/\/orca-solutions.hr\/site\/en\/naslovna\/\",\"name\":\"Naslovna - ORCA SOLUTIONS\",\"isPartOf\":{\"@id\":\"https:\/\/orca-solutions.hr\/site\/en\/#website\"},\"primaryImageOfPage\":{\"@id\":\"https:\/\/orca-solutions.hr\/site\/en\/naslovna\/#primaryimage\"},\"image\":{\"@id\":\"https:\/\/orca-solutions.hr\/site\/en\/naslovna\/#primaryimage\"},\"thumbnailUrl\":\"https:\/\/orca-solutions.hr\/site\/wp-content\/uploads\/2023\/02\/lenny-kuhne-jhz70nrk7ns-unsplash-scaled.jpg\",\"datePublished\":\"2023-01-24T12:51:03+00:00\",\"dateModified\":\"2024-03-25T10:22:37+00:00\",\"breadcrumb\":{\"@id\":\"https:\/\/orca-solutions.hr\/site\/en\/naslovna\/#breadcrumb\"},\"inLanguage\":\"en-US\",\"potentialAction\":[{\"@type\":\"ReadAction\",\"target\":[\"https:\/\/orca-solutions.hr\/site\/en\/naslovna\/\"]}]},{\"@type\":\"ImageObject\",\"inLanguage\":\"en-US\",\"@id\":\"https:\/\/orca-solutions.hr\/site\/en\/naslovna\/#primaryimage\",\"url\":\"https:\/\/orca-solutions.hr\/site\/wp-content\/uploads\/2023\/02\/lenny-kuhne-jhz70nrk7ns-unsplash-scaled.jpg\",\"contentUrl\":\"https:\/\/orca-solutions.hr\/site\/wp-content\/uploads\/2023\/02\/lenny-kuhne-jhz70nrk7ns-unsplash-scaled.jpg\",\"width\":2560,\"height\":1707},{\"@type\":\"BreadcrumbList\",\"@id\":\"https:\/\/orca-solutions.hr\/site\/en\/naslovna\/#breadcrumb\",\"itemListElement\":[{\"@type\":\"ListItem\",\"position\":1,\"name\":\"Po\u010detna stranica\",\"item\":\"https:\/\/orca-solutions.hr\/site\/en\/\"},{\"@type\":\"ListItem\",\"position\":2,\"name\":\"Naslovna\"}]},{\"@type\":\"WebSite\",\"@id\":\"https:\/\/orca-solutions.hr\/site\/en\/#website\",\"url\":\"https:\/\/orca-solutions.hr\/site\/en\/\",\"name\":\"ORCA SOLUTIONS\",\"description\":\"Teach steel, save bones\",\"publisher\":{\"@id\":\"https:\/\/orca-solutions.hr\/site\/en\/#organization\"},\"alternateName\":\"ORCA\",\"potentialAction\":[{\"@type\":\"SearchAction\",\"target\":{\"@type\":\"EntryPoint\",\"urlTemplate\":\"https:\/\/orca-solutions.hr\/site\/en\/?s={search_term_string}\"},\"query-input\":\"required name=search_term_string\"}],\"inLanguage\":\"en-US\"},{\"@type\":\"Organization\",\"@id\":\"https:\/\/orca-solutions.hr\/site\/en\/#organization\",\"name\":\"ORCA SOLUTIONS j.d.o.o.\",\"alternateName\":\"ORCA\",\"url\":\"https:\/\/orca-solutions.hr\/site\/en\/\",\"logo\":{\"@type\":\"ImageObject\",\"inLanguage\":\"en-US\",\"@id\":\"https:\/\/orca-solutions.hr\/site\/en\/#\/schema\/logo\/image\/\",\"url\":\"https:\/\/orca-solutions.hr\/site\/wp-content\/uploads\/2023\/02\/cropped-cropped-orca-logo-ver.1-bebe-1.png\",\"contentUrl\":\"https:\/\/orca-solutions.hr\/site\/wp-content\/uploads\/2023\/02\/cropped-cropped-orca-logo-ver.1-bebe-1.png\",\"width\":512,\"height\":512,\"caption\":\"ORCA SOLUTIONS j.d.o.o.\"},\"image\":{\"@id\":\"https:\/\/orca-solutions.hr\/site\/en\/#\/schema\/logo\/image\/\"},\"sameAs\":[\"https:\/\/www.facebook.com\/profile.php?id=100093337872576\",\"https:\/\/hr.linkedin.com\/company\/orca-solutions-22?trk=similar-pages\"]}]}<\/script>\n<!-- \/ Yoast SEO plugin. -->","yoast_head_json":{"title":"Naslovna - ORCA SOLUTIONS","robots":{"index":"index","follow":"follow","max-snippet":"max-snippet:-1","max-image-preview":"max-image-preview:large","max-video-preview":"max-video-preview:-1"},"canonical":"https:\/\/orca-solutions.hr\/site\/en\/naslovna\/","og_locale":"en_US","og_type":"article","og_title":"Naslovna - ORCA SOLUTIONS","og_description":"ORGANIZACIJA ZA ROBOTIKU KONSTRUKCIJU I AUTOMATIZACIJU Na\u0161a misija je pru\u017eiti vrhunske usluge i proizvode koji \u0107e pobolj\u0161ati u\u010dinkovitost i produktivnost na\u0161ih klijenata. Fokusiramo se na razvoj inovativnih rje\u0161enja koja \u0107e pomo\u0107i na\u0161im klijentima posti\u0107i svoje poslovne ciljeve. Na\u0161a ponuda uklju\u010duje dizajniranje, izgradnju i odr\u017eavanje robotskih sustava, automatizaciju procesa i izradu opreme. Tako\u0111er nudimo odr\u017eavanje i [&hellip;]","og_url":"https:\/\/orca-solutions.hr\/site\/en\/naslovna\/","og_site_name":"ORCA SOLUTIONS","article_publisher":"https:\/\/www.facebook.com\/profile.php?id=100093337872576","article_modified_time":"2024-03-25T10:22:37+00:00","og_image":[{"width":2560,"height":1707,"url":"https:\/\/orca-solutions.hr\/site\/wp-content\/uploads\/2023\/02\/lenny-kuhne-jhz70nrk7ns-unsplash-scaled.jpg","type":"image\/jpeg"}],"twitter_card":"summary_large_image","twitter_misc":{"Est. reading time":"3 minutes"},"schema":{"@context":"https:\/\/schema.org","@graph":[{"@type":"WebPage","@id":"https:\/\/orca-solutions.hr\/site\/en\/naslovna\/","url":"https:\/\/orca-solutions.hr\/site\/en\/naslovna\/","name":"Naslovna - ORCA SOLUTIONS","isPartOf":{"@id":"https:\/\/orca-solutions.hr\/site\/en\/#website"},"primaryImageOfPage":{"@id":"https:\/\/orca-solutions.hr\/site\/en\/naslovna\/#primaryimage"},"image":{"@id":"https:\/\/orca-solutions.hr\/site\/en\/naslovna\/#primaryimage"},"thumbnailUrl":"https:\/\/orca-solutions.hr\/site\/wp-content\/uploads\/2023\/02\/lenny-kuhne-jhz70nrk7ns-unsplash-scaled.jpg","datePublished":"2023-01-24T12:51:03+00:00","dateModified":"2024-03-25T10:22:37+00:00","breadcrumb":{"@id":"https:\/\/orca-solutions.hr\/site\/en\/naslovna\/#breadcrumb"},"inLanguage":"en-US","potentialAction":[{"@type":"ReadAction","target":["https:\/\/orca-solutions.hr\/site\/en\/naslovna\/"]}]},{"@type":"ImageObject","inLanguage":"en-US","@id":"https:\/\/orca-solutions.hr\/site\/en\/naslovna\/#primaryimage","url":"https:\/\/orca-solutions.hr\/site\/wp-content\/uploads\/2023\/02\/lenny-kuhne-jhz70nrk7ns-unsplash-scaled.jpg","contentUrl":"https:\/\/orca-solutions.hr\/site\/wp-content\/uploads\/2023\/02\/lenny-kuhne-jhz70nrk7ns-unsplash-scaled.jpg","width":2560,"height":1707},{"@type":"BreadcrumbList","@id":"https:\/\/orca-solutions.hr\/site\/en\/naslovna\/#breadcrumb","itemListElement":[{"@type":"ListItem","position":1,"name":"Po\u010detna stranica","item":"https:\/\/orca-solutions.hr\/site\/en\/"},{"@type":"ListItem","position":2,"name":"Naslovna"}]},{"@type":"WebSite","@id":"https:\/\/orca-solutions.hr\/site\/en\/#website","url":"https:\/\/orca-solutions.hr\/site\/en\/","name":"ORCA SOLUTIONS","description":"Teach steel, save bones","publisher":{"@id":"https:\/\/orca-solutions.hr\/site\/en\/#organization"},"alternateName":"ORCA","potentialAction":[{"@type":"SearchAction","target":{"@type":"EntryPoint","urlTemplate":"https:\/\/orca-solutions.hr\/site\/en\/?s={search_term_string}"},"query-input":"required name=search_term_string"}],"inLanguage":"en-US"},{"@type":"Organization","@id":"https:\/\/orca-solutions.hr\/site\/en\/#organization","name":"ORCA SOLUTIONS j.d.o.o.","alternateName":"ORCA","url":"https:\/\/orca-solutions.hr\/site\/en\/","logo":{"@type":"ImageObject","inLanguage":"en-US","@id":"https:\/\/orca-solutions.hr\/site\/en\/#\/schema\/logo\/image\/","url":"https:\/\/orca-solutions.hr\/site\/wp-content\/uploads\/2023\/02\/cropped-cropped-orca-logo-ver.1-bebe-1.png","contentUrl":"https:\/\/orca-solutions.hr\/site\/wp-content\/uploads\/2023\/02\/cropped-cropped-orca-logo-ver.1-bebe-1.png","width":512,"height":512,"caption":"ORCA SOLUTIONS j.d.o.o."},"image":{"@id":"https:\/\/orca-solutions.hr\/site\/en\/#\/schema\/logo\/image\/"},"sameAs":["https:\/\/www.facebook.com\/profile.php?id=100093337872576","https:\/\/hr.linkedin.com\/company\/orca-solutions-22?trk=similar-pages"]}]}},"_links":{"self":[{"href":"https:\/\/orca-solutions.hr\/site\/en\/wp-json\/wp\/v2\/pages\/2","targetHints":{"allow":["GET"]}}],"collection":[{"href":"https:\/\/orca-solutions.hr\/site\/en\/wp-json\/wp\/v2\/pages"}],"about":[{"href":"https:\/\/orca-solutions.hr\/site\/en\/wp-json\/wp\/v2\/types\/page"}],"author":[{"embeddable":true,"href":"https:\/\/orca-solutions.hr\/site\/en\/wp-json\/wp\/v2\/users\/2"}],"replies":[{"embeddable":true,"href":"https:\/\/orca-solutions.hr\/site\/en\/wp-json\/wp\/v2\/comments?post=2"}],"version-history":[{"count":16,"href":"https:\/\/orca-solutions.hr\/site\/en\/wp-json\/wp\/v2\/pages\/2\/revisions"}],"predecessor-version":[{"id":378,"href":"https:\/\/orca-solutions.hr\/site\/en\/wp-json\/wp\/v2\/pages\/2\/revisions\/378"}],"wp:featuredmedia":[{"embeddable":true,"href":"https:\/\/orca-solutions.hr\/site\/en\/wp-json\/wp\/v2\/media\/84"}],"wp:attachment":[{"href":"https:\/\/orca-solutions.hr\/site\/en\/wp-json\/wp\/v2\/media?parent=2"}],"curies":[{"name":"wp","href":"https:\/\/api.w.org\/{rel}","templated":true}]}}