{"id":259,"date":"2023-09-27T08:27:14","date_gmt":"2023-09-27T08:27:14","guid":{"rendered":"http:\/\/orca-solutions.hr\/site\/?page_id=259"},"modified":"2026-03-06T12:25:05","modified_gmt":"2026-03-06T12:25:05","slug":"klijenti","status":"publish","type":"page","link":"https:\/\/orca-solutions.hr\/site\/en\/klijenti\/","title":{"rendered":"Clients"},"content":{"rendered":"<p><br><\/p>\n\n\n\n<div class=\"wp-block-media-text is-stacked-on-mobile has-white-background-color has-background\" style=\"grid-template-columns:34% auto\"><figure class=\"wp-block-media-text__media\"><img loading=\"lazy\" decoding=\"async\" width=\"1229\" height=\"1089\" src=\"https:\/\/orca-solutions.hr\/site\/wp-content\/uploads\/2024\/12\/lugo.jpg\" alt=\"\" class=\"wp-image-532 size-full\"\/><\/figure><div class=\"wp-block-media-text__content\">\n<p class=\"has-black-color has-white-background-color has-text-color has-background has-link-color wp-elements-f9e12dc15d0b9d8a486158684e0d9e29\"><em><strong>A reliable partner for the future<\/strong><br>Through successful projects and long-term cooperation, we build a reputation as a reliable partner that ensures top quality and innovation. Our expertise and commitment enable us to continuously meet and exceed our clients' expectations, contributing to their success in the dynamic world of industry.<\/em><\/p>\n<\/div><\/div>\n\n\n\n<div class=\"wp-block-columns has-white-background-color has-background is-layout-flex wp-container-core-columns-is-layout-9d6595d7 wp-block-columns-is-layout-flex\">\n<div class=\"wp-block-column is-layout-flow wp-block-column-is-layout-flow\" style=\"flex-basis:20%\">\n<figure class=\"wp-block-image size-full is-resized is-style-rounded\"><img loading=\"lazy\" decoding=\"async\" width=\"296\" height=\"158\" src=\"http:\/\/orca-solutions.hr\/site\/wp-content\/uploads\/2023\/09\/TANG-LOGO-1.jpg\" alt=\"\" class=\"wp-image-264\" style=\"object-fit:cover;width:100px;height:50px\"\/><\/figure>\n<\/div>\n\n\n\n<div class=\"wp-block-column is-layout-flow wp-block-column-is-layout-flow\" style=\"flex-basis:20%\">\n<figure class=\"wp-block-image size-full is-resized is-style-default\"><img loading=\"lazy\" decoding=\"async\" width=\"317\" height=\"109\" src=\"https:\/\/orca-solutions.hr\/site\/wp-content\/uploads\/2024\/03\/daimlerrr.png\" alt=\"\" class=\"wp-image-323\" style=\"aspect-ratio:3.36;object-fit:cover;width:146px;height:auto\" srcset=\"https:\/\/orca-solutions.hr\/site\/wp-content\/uploads\/2024\/03\/daimlerrr.png 317w, https:\/\/orca-solutions.hr\/site\/wp-content\/uploads\/2024\/03\/daimlerrr-300x103.png 300w, https:\/\/orca-solutions.hr\/site\/wp-content\/uploads\/2024\/03\/daimlerrr-18x6.png 18w\" sizes=\"auto, (max-width: 317px) 100vw, 317px\" \/><\/figure>\n<\/div>\n\n\n\n<div class=\"wp-block-column is-layout-flow wp-block-column-is-layout-flow\" style=\"flex-basis:20%\">\n<figure class=\"wp-block-image size-full is-style-default\"><img loading=\"lazy\" decoding=\"async\" width=\"100\" height=\"38\" src=\"http:\/\/orca-solutions.hr\/site\/wp-content\/uploads\/2026\/03\/ejot-1.png\" alt=\"\" class=\"wp-image-542\"\/><\/figure>\n<\/div>\n\n\n\n<div class=\"wp-block-column is-layout-flow wp-block-column-is-layout-flow\" style=\"flex-basis:20%\">\n<figure class=\"wp-block-image size-full\"><img loading=\"lazy\" decoding=\"async\" width=\"100\" height=\"48\" src=\"http:\/\/orca-solutions.hr\/site\/wp-content\/uploads\/2026\/03\/knauf-logo.png\" alt=\"\" class=\"wp-image-543\"\/><\/figure>\n<\/div>\n<\/div>","protected":false},"excerpt":{"rendered":"<p>Pouzdan partner za budu\u0107nostKroz uspje\u0161ne projekte i dugoro\u010dne suradnje, gradimo reputaciju pouzdanog partnera koji osigurava vrhunsku kvalitetu i inovativnost. Na\u0161a stru\u010dnost i predanost omogu\u0107uju nam da kontinuirano ispunjavamo i nadma\u0161ujemo o\u010dekivanja klijenata, pridonose\u0107i njihovom uspjehu u dinami\u010dnom svijetu industrije.<\/p>","protected":false},"author":1,"featured_media":0,"parent":0,"menu_order":0,"comment_status":"closed","ping_status":"closed","template":"","meta":{"om_disable_all_campaigns":false,"_monsterinsights_skip_tracking":false,"_monsterinsights_sitenote_active":false,"_monsterinsights_sitenote_note":"","_monsterinsights_sitenote_category":0,"_uf_show_specific_survey":0,"_uf_disable_surveys":false,"footnotes":""},"class_list":["post-259","page","type-page","status-publish","hentry"],"yoast_head":"<!-- This site is optimized with the Yoast SEO plugin v23.1 - https:\/\/yoast.com\/wordpress\/plugins\/seo\/ -->\n<title>Klijenti - ORCA SOLUTIONS<\/title>\n<meta name=\"robots\" content=\"index, follow, max-snippet:-1, max-image-preview:large, max-video-preview:-1\" \/>\n<link rel=\"canonical\" href=\"https:\/\/orca-solutions.hr\/site\/en\/klijenti\/\" \/>\n<meta property=\"og:locale\" content=\"en_US\" \/>\n<meta property=\"og:type\" content=\"article\" \/>\n<meta property=\"og:title\" content=\"Klijenti - ORCA SOLUTIONS\" \/>\n<meta property=\"og:description\" content=\"Pouzdan partner za budu\u0107nostKroz uspje\u0161ne projekte i dugoro\u010dne suradnje, gradimo reputaciju pouzdanog partnera koji osigurava vrhunsku kvalitetu i inovativnost. Na\u0161a stru\u010dnost i predanost omogu\u0107uju nam da kontinuirano ispunjavamo i nadma\u0161ujemo o\u010dekivanja klijenata, pridonose\u0107i njihovom uspjehu u dinami\u010dnom svijetu industrije.\" \/>\n<meta property=\"og:url\" content=\"https:\/\/orca-solutions.hr\/site\/en\/klijenti\/\" \/>\n<meta property=\"og:site_name\" content=\"ORCA SOLUTIONS\" \/>\n<meta property=\"article:publisher\" content=\"https:\/\/www.facebook.com\/profile.php?id=100093337872576\" \/>\n<meta property=\"article:modified_time\" content=\"2026-03-06T12:25:05+00:00\" \/>\n<meta property=\"og:image\" content=\"https:\/\/orca-solutions.hr\/site\/wp-content\/uploads\/2024\/12\/lugo.jpg\" \/>\n<meta name=\"twitter:card\" content=\"summary_large_image\" \/>\n<meta name=\"twitter:label1\" content=\"Est. reading time\" \/>\n\t<meta name=\"twitter:data1\" content=\"2 minutes\" \/>\n<script type=\"application\/ld+json\" class=\"yoast-schema-graph\">{\"@context\":\"https:\/\/schema.org\",\"@graph\":[{\"@type\":\"WebPage\",\"@id\":\"https:\/\/orca-solutions.hr\/site\/en\/klijenti\/\",\"url\":\"https:\/\/orca-solutions.hr\/site\/en\/klijenti\/\",\"name\":\"Klijenti - ORCA SOLUTIONS\",\"isPartOf\":{\"@id\":\"https:\/\/orca-solutions.hr\/site\/en\/#website\"},\"primaryImageOfPage\":{\"@id\":\"https:\/\/orca-solutions.hr\/site\/en\/klijenti\/#primaryimage\"},\"image\":{\"@id\":\"https:\/\/orca-solutions.hr\/site\/en\/klijenti\/#primaryimage\"},\"thumbnailUrl\":\"https:\/\/orca-solutions.hr\/site\/wp-content\/uploads\/2024\/12\/lugo.jpg\",\"datePublished\":\"2023-09-27T08:27:14+00:00\",\"dateModified\":\"2026-03-06T12:25:05+00:00\",\"breadcrumb\":{\"@id\":\"https:\/\/orca-solutions.hr\/site\/en\/klijenti\/#breadcrumb\"},\"inLanguage\":\"en-US\",\"potentialAction\":[{\"@type\":\"ReadAction\",\"target\":[\"https:\/\/orca-solutions.hr\/site\/en\/klijenti\/\"]}]},{\"@type\":\"ImageObject\",\"inLanguage\":\"en-US\",\"@id\":\"https:\/\/orca-solutions.hr\/site\/en\/klijenti\/#primaryimage\",\"url\":\"https:\/\/orca-solutions.hr\/site\/wp-content\/uploads\/2024\/12\/lugo.jpg\",\"contentUrl\":\"https:\/\/orca-solutions.hr\/site\/wp-content\/uploads\/2024\/12\/lugo.jpg\"},{\"@type\":\"BreadcrumbList\",\"@id\":\"https:\/\/orca-solutions.hr\/site\/en\/klijenti\/#breadcrumb\",\"itemListElement\":[{\"@type\":\"ListItem\",\"position\":1,\"name\":\"Po\u010detna stranica\",\"item\":\"https:\/\/orca-solutions.hr\/site\/en\/\"},{\"@type\":\"ListItem\",\"position\":2,\"name\":\"Klijenti\"}]},{\"@type\":\"WebSite\",\"@id\":\"https:\/\/orca-solutions.hr\/site\/en\/#website\",\"url\":\"https:\/\/orca-solutions.hr\/site\/en\/\",\"name\":\"ORCA SOLUTIONS\",\"description\":\"Teach steel, save bones\",\"publisher\":{\"@id\":\"https:\/\/orca-solutions.hr\/site\/en\/#organization\"},\"alternateName\":\"ORCA\",\"potentialAction\":[{\"@type\":\"SearchAction\",\"target\":{\"@type\":\"EntryPoint\",\"urlTemplate\":\"https:\/\/orca-solutions.hr\/site\/en\/?s={search_term_string}\"},\"query-input\":\"required name=search_term_string\"}],\"inLanguage\":\"en-US\"},{\"@type\":\"Organization\",\"@id\":\"https:\/\/orca-solutions.hr\/site\/en\/#organization\",\"name\":\"ORCA SOLUTIONS j.d.o.o.\",\"alternateName\":\"ORCA\",\"url\":\"https:\/\/orca-solutions.hr\/site\/en\/\",\"logo\":{\"@type\":\"ImageObject\",\"inLanguage\":\"en-US\",\"@id\":\"https:\/\/orca-solutions.hr\/site\/en\/#\/schema\/logo\/image\/\",\"url\":\"https:\/\/orca-solutions.hr\/site\/wp-content\/uploads\/2023\/02\/cropped-cropped-orca-logo-ver.1-bebe-1.png\",\"contentUrl\":\"https:\/\/orca-solutions.hr\/site\/wp-content\/uploads\/2023\/02\/cropped-cropped-orca-logo-ver.1-bebe-1.png\",\"width\":512,\"height\":512,\"caption\":\"ORCA SOLUTIONS j.d.o.o.\"},\"image\":{\"@id\":\"https:\/\/orca-solutions.hr\/site\/en\/#\/schema\/logo\/image\/\"},\"sameAs\":[\"https:\/\/www.facebook.com\/profile.php?id=100093337872576\",\"https:\/\/hr.linkedin.com\/company\/orca-solutions-22?trk=similar-pages\"]}]}<\/script>\n<!-- \/ Yoast SEO plugin. -->","yoast_head_json":{"title":"Klijenti - ORCA SOLUTIONS","robots":{"index":"index","follow":"follow","max-snippet":"max-snippet:-1","max-image-preview":"max-image-preview:large","max-video-preview":"max-video-preview:-1"},"canonical":"https:\/\/orca-solutions.hr\/site\/en\/klijenti\/","og_locale":"en_US","og_type":"article","og_title":"Klijenti - ORCA SOLUTIONS","og_description":"Pouzdan partner za budu\u0107nostKroz uspje\u0161ne projekte i dugoro\u010dne suradnje, gradimo reputaciju pouzdanog partnera koji osigurava vrhunsku kvalitetu i inovativnost. Na\u0161a stru\u010dnost i predanost omogu\u0107uju nam da kontinuirano ispunjavamo i nadma\u0161ujemo o\u010dekivanja klijenata, pridonose\u0107i njihovom uspjehu u dinami\u010dnom svijetu industrije.","og_url":"https:\/\/orca-solutions.hr\/site\/en\/klijenti\/","og_site_name":"ORCA SOLUTIONS","article_publisher":"https:\/\/www.facebook.com\/profile.php?id=100093337872576","article_modified_time":"2026-03-06T12:25:05+00:00","og_image":[{"url":"https:\/\/orca-solutions.hr\/site\/wp-content\/uploads\/2024\/12\/lugo.jpg"}],"twitter_card":"summary_large_image","twitter_misc":{"Est. reading time":"2 minutes"},"schema":{"@context":"https:\/\/schema.org","@graph":[{"@type":"WebPage","@id":"https:\/\/orca-solutions.hr\/site\/en\/klijenti\/","url":"https:\/\/orca-solutions.hr\/site\/en\/klijenti\/","name":"Klijenti - ORCA SOLUTIONS","isPartOf":{"@id":"https:\/\/orca-solutions.hr\/site\/en\/#website"},"primaryImageOfPage":{"@id":"https:\/\/orca-solutions.hr\/site\/en\/klijenti\/#primaryimage"},"image":{"@id":"https:\/\/orca-solutions.hr\/site\/en\/klijenti\/#primaryimage"},"thumbnailUrl":"https:\/\/orca-solutions.hr\/site\/wp-content\/uploads\/2024\/12\/lugo.jpg","datePublished":"2023-09-27T08:27:14+00:00","dateModified":"2026-03-06T12:25:05+00:00","breadcrumb":{"@id":"https:\/\/orca-solutions.hr\/site\/en\/klijenti\/#breadcrumb"},"inLanguage":"en-US","potentialAction":[{"@type":"ReadAction","target":["https:\/\/orca-solutions.hr\/site\/en\/klijenti\/"]}]},{"@type":"ImageObject","inLanguage":"en-US","@id":"https:\/\/orca-solutions.hr\/site\/en\/klijenti\/#primaryimage","url":"https:\/\/orca-solutions.hr\/site\/wp-content\/uploads\/2024\/12\/lugo.jpg","contentUrl":"https:\/\/orca-solutions.hr\/site\/wp-content\/uploads\/2024\/12\/lugo.jpg"},{"@type":"BreadcrumbList","@id":"https:\/\/orca-solutions.hr\/site\/en\/klijenti\/#breadcrumb","itemListElement":[{"@type":"ListItem","position":1,"name":"Po\u010detna stranica","item":"https:\/\/orca-solutions.hr\/site\/en\/"},{"@type":"ListItem","position":2,"name":"Klijenti"}]},{"@type":"WebSite","@id":"https:\/\/orca-solutions.hr\/site\/en\/#website","url":"https:\/\/orca-solutions.hr\/site\/en\/","name":"ORCA SOLUTIONS","description":"Teach steel, save bones","publisher":{"@id":"https:\/\/orca-solutions.hr\/site\/en\/#organization"},"alternateName":"ORCA","potentialAction":[{"@type":"SearchAction","target":{"@type":"EntryPoint","urlTemplate":"https:\/\/orca-solutions.hr\/site\/en\/?s={search_term_string}"},"query-input":"required name=search_term_string"}],"inLanguage":"en-US"},{"@type":"Organization","@id":"https:\/\/orca-solutions.hr\/site\/en\/#organization","name":"ORCA SOLUTIONS j.d.o.o.","alternateName":"ORCA","url":"https:\/\/orca-solutions.hr\/site\/en\/","logo":{"@type":"ImageObject","inLanguage":"en-US","@id":"https:\/\/orca-solutions.hr\/site\/en\/#\/schema\/logo\/image\/","url":"https:\/\/orca-solutions.hr\/site\/wp-content\/uploads\/2023\/02\/cropped-cropped-orca-logo-ver.1-bebe-1.png","contentUrl":"https:\/\/orca-solutions.hr\/site\/wp-content\/uploads\/2023\/02\/cropped-cropped-orca-logo-ver.1-bebe-1.png","width":512,"height":512,"caption":"ORCA SOLUTIONS j.d.o.o."},"image":{"@id":"https:\/\/orca-solutions.hr\/site\/en\/#\/schema\/logo\/image\/"},"sameAs":["https:\/\/www.facebook.com\/profile.php?id=100093337872576","https:\/\/hr.linkedin.com\/company\/orca-solutions-22?trk=similar-pages"]}]}},"_links":{"self":[{"href":"https:\/\/orca-solutions.hr\/site\/en\/wp-json\/wp\/v2\/pages\/259","targetHints":{"allow":["GET"]}}],"collection":[{"href":"https:\/\/orca-solutions.hr\/site\/en\/wp-json\/wp\/v2\/pages"}],"about":[{"href":"https:\/\/orca-solutions.hr\/site\/en\/wp-json\/wp\/v2\/types\/page"}],"author":[{"embeddable":true,"href":"https:\/\/orca-solutions.hr\/site\/en\/wp-json\/wp\/v2\/users\/1"}],"replies":[{"embeddable":true,"href":"https:\/\/orca-solutions.hr\/site\/en\/wp-json\/wp\/v2\/comments?post=259"}],"version-history":[{"count":31,"href":"https:\/\/orca-solutions.hr\/site\/en\/wp-json\/wp\/v2\/pages\/259\/revisions"}],"predecessor-version":[{"id":564,"href":"https:\/\/orca-solutions.hr\/site\/en\/wp-json\/wp\/v2\/pages\/259\/revisions\/564"}],"wp:attachment":[{"href":"https:\/\/orca-solutions.hr\/site\/en\/wp-json\/wp\/v2\/media?parent=259"}],"curies":[{"name":"wp","href":"https:\/\/api.w.org\/{rel}","templated":true}]}}