{"id":27,"date":"2023-02-21T13:56:44","date_gmt":"2023-02-21T13:56:44","guid":{"rendered":"https:\/\/orcasolutions5.wordpress.com\/?page_id=27"},"modified":"2024-03-19T13:30:26","modified_gmt":"2024-03-19T13:30:26","slug":"o-nama","status":"publish","type":"page","link":"https:\/\/orca-solutions.hr\/site\/en\/naslovna\/o-nama\/","title":{"rendered":"About us"},"content":{"rendered":"<p>Orca Solutions is a company founded in 2022 in the small town of Nova Gradi\u0161ka in Slavonia, Croatia. Our team is highly specialized in the field of mechanical engineering, electrical engineering and robotics, but we like to say that innovation and creativity in solving problems and optimizing production processes is our greatest advantage.<\/p>\n\n\n\n<p>Orca Solutions together with partners covers a very wide range of technical sciences and we constantly strive to keep up with the latest technology, making us ready to respond to the most demanding problems.<\/p>\n\n\n\n<p>If you have any questions or want to know more about us and our services, feel free to contact us, we will be happy to help in every way.<\/p>","protected":false},"excerpt":{"rendered":"<p>Orca Solutions je tvrtka osnovana 2022. godine u malom gradu Nova Gradi\u0161ka u Slavoniji, Hrvatska. Na\u0161 tim je visoko specijaliziran u podru\u010dju strojarstva, elektrotehnike i robotike, ali volimo re\u0107i da je inovacija i kreativnost u rje\u0161avanju problema i optimizaciji proizvodnih procesa na\u0161a najve\u0107a prednost. Orca Solutions zajedno s partnerima pokriva vrlo \u0161irok spektar tehni\u010dkih znanosti [&hellip;]<\/p>","protected":false},"author":2,"featured_media":84,"parent":2,"menu_order":0,"comment_status":"closed","ping_status":"closed","template":"","meta":{"om_disable_all_campaigns":false,"_monsterinsights_skip_tracking":false,"_monsterinsights_sitenote_active":false,"_monsterinsights_sitenote_note":"","_monsterinsights_sitenote_category":0,"_uf_show_specific_survey":0,"_uf_disable_surveys":false,"footnotes":""},"class_list":["post-27","page","type-page","status-publish","has-post-thumbnail","hentry"],"yoast_head":"<!-- This site is optimized with the Yoast SEO plugin v23.1 - https:\/\/yoast.com\/wordpress\/plugins\/seo\/ -->\n<title>O nama - ORCA SOLUTIONS<\/title>\n<meta name=\"robots\" content=\"index, follow, max-snippet:-1, max-image-preview:large, max-video-preview:-1\" \/>\n<link rel=\"canonical\" href=\"https:\/\/orca-solutions.hr\/site\/en\/naslovna\/o-nama\/\" \/>\n<meta property=\"og:locale\" content=\"en_US\" \/>\n<meta property=\"og:type\" content=\"article\" \/>\n<meta property=\"og:title\" content=\"O nama - ORCA SOLUTIONS\" \/>\n<meta property=\"og:description\" content=\"Orca Solutions je tvrtka osnovana 2022. godine u malom gradu Nova Gradi\u0161ka u Slavoniji, Hrvatska. Na\u0161 tim je visoko specijaliziran u podru\u010dju strojarstva, elektrotehnike i robotike, ali volimo re\u0107i da je inovacija i kreativnost u rje\u0161avanju problema i optimizaciji proizvodnih procesa na\u0161a najve\u0107a prednost. Orca Solutions zajedno s partnerima pokriva vrlo \u0161irok spektar tehni\u010dkih znanosti [&hellip;]\" \/>\n<meta property=\"og:url\" content=\"https:\/\/orca-solutions.hr\/site\/en\/naslovna\/o-nama\/\" \/>\n<meta property=\"og:site_name\" content=\"ORCA SOLUTIONS\" \/>\n<meta property=\"article:publisher\" content=\"https:\/\/www.facebook.com\/profile.php?id=100093337872576\" \/>\n<meta property=\"article:modified_time\" content=\"2024-03-19T13:30:26+00:00\" \/>\n<meta property=\"og:image\" content=\"https:\/\/orca-solutions.hr\/site\/wp-content\/uploads\/2023\/02\/lenny-kuhne-jhz70nrk7ns-unsplash-scaled.jpg\" \/>\n\t<meta property=\"og:image:width\" content=\"2560\" \/>\n\t<meta property=\"og:image:height\" content=\"1707\" \/>\n\t<meta property=\"og:image:type\" content=\"image\/jpeg\" \/>\n<meta name=\"twitter:card\" content=\"summary_large_image\" \/>\n<meta name=\"twitter:label1\" content=\"Est. reading time\" \/>\n\t<meta name=\"twitter:data1\" content=\"1 minute\" \/>\n<script type=\"application\/ld+json\" class=\"yoast-schema-graph\">{\"@context\":\"https:\/\/schema.org\",\"@graph\":[{\"@type\":\"WebPage\",\"@id\":\"https:\/\/orca-solutions.hr\/site\/en\/naslovna\/o-nama\/\",\"url\":\"https:\/\/orca-solutions.hr\/site\/en\/naslovna\/o-nama\/\",\"name\":\"O nama - ORCA SOLUTIONS\",\"isPartOf\":{\"@id\":\"https:\/\/orca-solutions.hr\/site\/en\/#website\"},\"primaryImageOfPage\":{\"@id\":\"https:\/\/orca-solutions.hr\/site\/en\/naslovna\/o-nama\/#primaryimage\"},\"image\":{\"@id\":\"https:\/\/orca-solutions.hr\/site\/en\/naslovna\/o-nama\/#primaryimage\"},\"thumbnailUrl\":\"https:\/\/orca-solutions.hr\/site\/wp-content\/uploads\/2023\/02\/lenny-kuhne-jhz70nrk7ns-unsplash-scaled.jpg\",\"datePublished\":\"2023-02-21T13:56:44+00:00\",\"dateModified\":\"2024-03-19T13:30:26+00:00\",\"breadcrumb\":{\"@id\":\"https:\/\/orca-solutions.hr\/site\/en\/naslovna\/o-nama\/#breadcrumb\"},\"inLanguage\":\"en-US\",\"potentialAction\":[{\"@type\":\"ReadAction\",\"target\":[\"https:\/\/orca-solutions.hr\/site\/en\/naslovna\/o-nama\/\"]}]},{\"@type\":\"ImageObject\",\"inLanguage\":\"en-US\",\"@id\":\"https:\/\/orca-solutions.hr\/site\/en\/naslovna\/o-nama\/#primaryimage\",\"url\":\"https:\/\/orca-solutions.hr\/site\/wp-content\/uploads\/2023\/02\/lenny-kuhne-jhz70nrk7ns-unsplash-scaled.jpg\",\"contentUrl\":\"https:\/\/orca-solutions.hr\/site\/wp-content\/uploads\/2023\/02\/lenny-kuhne-jhz70nrk7ns-unsplash-scaled.jpg\",\"width\":2560,\"height\":1707},{\"@type\":\"BreadcrumbList\",\"@id\":\"https:\/\/orca-solutions.hr\/site\/en\/naslovna\/o-nama\/#breadcrumb\",\"itemListElement\":[{\"@type\":\"ListItem\",\"position\":1,\"name\":\"Po\u010detna stranica\",\"item\":\"https:\/\/orca-solutions.hr\/site\/en\/\"},{\"@type\":\"ListItem\",\"position\":2,\"name\":\"Naslovna\",\"item\":\"https:\/\/orca-solutions.hr\/site\/en\/naslovna\/\"},{\"@type\":\"ListItem\",\"position\":3,\"name\":\"O nama\"}]},{\"@type\":\"WebSite\",\"@id\":\"https:\/\/orca-solutions.hr\/site\/en\/#website\",\"url\":\"https:\/\/orca-solutions.hr\/site\/en\/\",\"name\":\"ORCA SOLUTIONS\",\"description\":\"Teach steel, save bones\",\"publisher\":{\"@id\":\"https:\/\/orca-solutions.hr\/site\/en\/#organization\"},\"alternateName\":\"ORCA\",\"potentialAction\":[{\"@type\":\"SearchAction\",\"target\":{\"@type\":\"EntryPoint\",\"urlTemplate\":\"https:\/\/orca-solutions.hr\/site\/en\/?s={search_term_string}\"},\"query-input\":\"required name=search_term_string\"}],\"inLanguage\":\"en-US\"},{\"@type\":\"Organization\",\"@id\":\"https:\/\/orca-solutions.hr\/site\/en\/#organization\",\"name\":\"ORCA SOLUTIONS j.d.o.o.\",\"alternateName\":\"ORCA\",\"url\":\"https:\/\/orca-solutions.hr\/site\/en\/\",\"logo\":{\"@type\":\"ImageObject\",\"inLanguage\":\"en-US\",\"@id\":\"https:\/\/orca-solutions.hr\/site\/en\/#\/schema\/logo\/image\/\",\"url\":\"https:\/\/orca-solutions.hr\/site\/wp-content\/uploads\/2023\/02\/cropped-cropped-orca-logo-ver.1-bebe-1.png\",\"contentUrl\":\"https:\/\/orca-solutions.hr\/site\/wp-content\/uploads\/2023\/02\/cropped-cropped-orca-logo-ver.1-bebe-1.png\",\"width\":512,\"height\":512,\"caption\":\"ORCA SOLUTIONS j.d.o.o.\"},\"image\":{\"@id\":\"https:\/\/orca-solutions.hr\/site\/en\/#\/schema\/logo\/image\/\"},\"sameAs\":[\"https:\/\/www.facebook.com\/profile.php?id=100093337872576\",\"https:\/\/hr.linkedin.com\/company\/orca-solutions-22?trk=similar-pages\"]}]}<\/script>\n<!-- \/ Yoast SEO plugin. -->","yoast_head_json":{"title":"O nama - ORCA SOLUTIONS","robots":{"index":"index","follow":"follow","max-snippet":"max-snippet:-1","max-image-preview":"max-image-preview:large","max-video-preview":"max-video-preview:-1"},"canonical":"https:\/\/orca-solutions.hr\/site\/en\/naslovna\/o-nama\/","og_locale":"en_US","og_type":"article","og_title":"O nama - ORCA SOLUTIONS","og_description":"Orca Solutions je tvrtka osnovana 2022. godine u malom gradu Nova Gradi\u0161ka u Slavoniji, Hrvatska. Na\u0161 tim je visoko specijaliziran u podru\u010dju strojarstva, elektrotehnike i robotike, ali volimo re\u0107i da je inovacija i kreativnost u rje\u0161avanju problema i optimizaciji proizvodnih procesa na\u0161a najve\u0107a prednost. Orca Solutions zajedno s partnerima pokriva vrlo \u0161irok spektar tehni\u010dkih znanosti [&hellip;]","og_url":"https:\/\/orca-solutions.hr\/site\/en\/naslovna\/o-nama\/","og_site_name":"ORCA SOLUTIONS","article_publisher":"https:\/\/www.facebook.com\/profile.php?id=100093337872576","article_modified_time":"2024-03-19T13:30:26+00:00","og_image":[{"width":2560,"height":1707,"url":"https:\/\/orca-solutions.hr\/site\/wp-content\/uploads\/2023\/02\/lenny-kuhne-jhz70nrk7ns-unsplash-scaled.jpg","type":"image\/jpeg"}],"twitter_card":"summary_large_image","twitter_misc":{"Est. reading time":"1 minute"},"schema":{"@context":"https:\/\/schema.org","@graph":[{"@type":"WebPage","@id":"https:\/\/orca-solutions.hr\/site\/en\/naslovna\/o-nama\/","url":"https:\/\/orca-solutions.hr\/site\/en\/naslovna\/o-nama\/","name":"O nama - ORCA SOLUTIONS","isPartOf":{"@id":"https:\/\/orca-solutions.hr\/site\/en\/#website"},"primaryImageOfPage":{"@id":"https:\/\/orca-solutions.hr\/site\/en\/naslovna\/o-nama\/#primaryimage"},"image":{"@id":"https:\/\/orca-solutions.hr\/site\/en\/naslovna\/o-nama\/#primaryimage"},"thumbnailUrl":"https:\/\/orca-solutions.hr\/site\/wp-content\/uploads\/2023\/02\/lenny-kuhne-jhz70nrk7ns-unsplash-scaled.jpg","datePublished":"2023-02-21T13:56:44+00:00","dateModified":"2024-03-19T13:30:26+00:00","breadcrumb":{"@id":"https:\/\/orca-solutions.hr\/site\/en\/naslovna\/o-nama\/#breadcrumb"},"inLanguage":"en-US","potentialAction":[{"@type":"ReadAction","target":["https:\/\/orca-solutions.hr\/site\/en\/naslovna\/o-nama\/"]}]},{"@type":"ImageObject","inLanguage":"en-US","@id":"https:\/\/orca-solutions.hr\/site\/en\/naslovna\/o-nama\/#primaryimage","url":"https:\/\/orca-solutions.hr\/site\/wp-content\/uploads\/2023\/02\/lenny-kuhne-jhz70nrk7ns-unsplash-scaled.jpg","contentUrl":"https:\/\/orca-solutions.hr\/site\/wp-content\/uploads\/2023\/02\/lenny-kuhne-jhz70nrk7ns-unsplash-scaled.jpg","width":2560,"height":1707},{"@type":"BreadcrumbList","@id":"https:\/\/orca-solutions.hr\/site\/en\/naslovna\/o-nama\/#breadcrumb","itemListElement":[{"@type":"ListItem","position":1,"name":"Po\u010detna stranica","item":"https:\/\/orca-solutions.hr\/site\/en\/"},{"@type":"ListItem","position":2,"name":"Naslovna","item":"https:\/\/orca-solutions.hr\/site\/en\/naslovna\/"},{"@type":"ListItem","position":3,"name":"O nama"}]},{"@type":"WebSite","@id":"https:\/\/orca-solutions.hr\/site\/en\/#website","url":"https:\/\/orca-solutions.hr\/site\/en\/","name":"ORCA SOLUTIONS","description":"Teach steel, save bones","publisher":{"@id":"https:\/\/orca-solutions.hr\/site\/en\/#organization"},"alternateName":"ORCA","potentialAction":[{"@type":"SearchAction","target":{"@type":"EntryPoint","urlTemplate":"https:\/\/orca-solutions.hr\/site\/en\/?s={search_term_string}"},"query-input":"required name=search_term_string"}],"inLanguage":"en-US"},{"@type":"Organization","@id":"https:\/\/orca-solutions.hr\/site\/en\/#organization","name":"ORCA SOLUTIONS j.d.o.o.","alternateName":"ORCA","url":"https:\/\/orca-solutions.hr\/site\/en\/","logo":{"@type":"ImageObject","inLanguage":"en-US","@id":"https:\/\/orca-solutions.hr\/site\/en\/#\/schema\/logo\/image\/","url":"https:\/\/orca-solutions.hr\/site\/wp-content\/uploads\/2023\/02\/cropped-cropped-orca-logo-ver.1-bebe-1.png","contentUrl":"https:\/\/orca-solutions.hr\/site\/wp-content\/uploads\/2023\/02\/cropped-cropped-orca-logo-ver.1-bebe-1.png","width":512,"height":512,"caption":"ORCA SOLUTIONS j.d.o.o."},"image":{"@id":"https:\/\/orca-solutions.hr\/site\/en\/#\/schema\/logo\/image\/"},"sameAs":["https:\/\/www.facebook.com\/profile.php?id=100093337872576","https:\/\/hr.linkedin.com\/company\/orca-solutions-22?trk=similar-pages"]}]}},"_links":{"self":[{"href":"https:\/\/orca-solutions.hr\/site\/en\/wp-json\/wp\/v2\/pages\/27","targetHints":{"allow":["GET"]}}],"collection":[{"href":"https:\/\/orca-solutions.hr\/site\/en\/wp-json\/wp\/v2\/pages"}],"about":[{"href":"https:\/\/orca-solutions.hr\/site\/en\/wp-json\/wp\/v2\/types\/page"}],"author":[{"embeddable":true,"href":"https:\/\/orca-solutions.hr\/site\/en\/wp-json\/wp\/v2\/users\/2"}],"replies":[{"embeddable":true,"href":"https:\/\/orca-solutions.hr\/site\/en\/wp-json\/wp\/v2\/comments?post=27"}],"version-history":[{"count":4,"href":"https:\/\/orca-solutions.hr\/site\/en\/wp-json\/wp\/v2\/pages\/27\/revisions"}],"predecessor-version":[{"id":490,"href":"https:\/\/orca-solutions.hr\/site\/en\/wp-json\/wp\/v2\/pages\/27\/revisions\/490"}],"up":[{"embeddable":true,"href":"https:\/\/orca-solutions.hr\/site\/en\/wp-json\/wp\/v2\/pages\/2"}],"wp:featuredmedia":[{"embeddable":true,"href":"https:\/\/orca-solutions.hr\/site\/en\/wp-json\/wp\/v2\/media\/84"}],"wp:attachment":[{"href":"https:\/\/orca-solutions.hr\/site\/en\/wp-json\/wp\/v2\/media?parent=27"}],"curies":[{"name":"wp","href":"https:\/\/api.w.org\/{rel}","templated":true}]}}