{"id":29,"date":"2023-02-21T13:56:46","date_gmt":"2023-02-21T13:56:46","guid":{"rendered":"https:\/\/orcasolutions5.wordpress.com\/?page_id=29"},"modified":"2024-11-27T13:57:39","modified_gmt":"2024-11-27T13:57:39","slug":"kontakt","status":"publish","type":"page","link":"https:\/\/orca-solutions.hr\/site\/en\/naslovna\/kontakt\/","title":{"rendered":"Contact"},"content":{"rendered":"<p class=\"has-medium-font-size\">If you would like to improve your production facility, please feel free to contact us. Our expert team will be happy to advise you and respond to your inquiry as soon as possible.<\/p>\n\n\n<style id=\"wpforms-css-vars-root\">\n\t\t\t\t:root {\n\t\t\t\t\t--wpforms-field-border-radius: 3px;\n--wpforms-field-border-style: solid;\n--wpforms-field-border-size: 1px;\n--wpforms-field-background-color: #ffffff;\n--wpforms-field-border-color: rgba( 0, 0, 0, 0.25 );\n--wpforms-field-border-color-spare: rgba( 0, 0, 0, 0.25 );\n--wpforms-field-text-color: rgba( 0, 0, 0, 0.7 );\n--wpforms-field-menu-color: #ffffff;\n--wpforms-label-color: rgba( 0, 0, 0, 0.85 );\n--wpforms-label-sublabel-color: rgba( 0, 0, 0, 0.55 );\n--wpforms-label-error-color: #d63637;\n--wpforms-button-border-radius: 3px;\n--wpforms-button-border-style: none;\n--wpforms-button-border-size: 1px;\n--wpforms-button-background-color: #066aab;\n--wpforms-button-border-color: #066aab;\n--wpforms-button-text-color: #ffffff;\n--wpforms-page-break-color: #066aab;\n--wpforms-background-image: none;\n--wpforms-background-position: center center;\n--wpforms-background-repeat: no-repeat;\n--wpforms-background-size: cover;\n--wpforms-background-width: 100px;\n--wpforms-background-height: 100px;\n--wpforms-background-color: rgba( 0, 0, 0, 0 );\n--wpforms-background-url: none;\n--wpforms-container-padding: 0px;\n--wpforms-container-border-style: none;\n--wpforms-container-border-width: 1px;\n--wpforms-container-border-color: #000000;\n--wpforms-container-border-radius: 3px;\n--wpforms-field-size-input-height: 43px;\n--wpforms-field-size-input-spacing: 15px;\n--wpforms-field-size-font-size: 16px;\n--wpforms-field-size-line-height: 19px;\n--wpforms-field-size-padding-h: 14px;\n--wpforms-field-size-checkbox-size: 16px;\n--wpforms-field-size-sublabel-spacing: 5px;\n--wpforms-field-size-icon-size: 1;\n--wpforms-label-size-font-size: 16px;\n--wpforms-label-size-line-height: 19px;\n--wpforms-label-size-sublabel-font-size: 14px;\n--wpforms-label-size-sublabel-line-height: 17px;\n--wpforms-button-size-font-size: 17px;\n--wpforms-button-size-height: 41px;\n--wpforms-button-size-padding-h: 15px;\n--wpforms-button-size-margin-top: 10px;\n--wpforms-container-shadow-size-box-shadow: none;\n\n\t\t\t\t}\n\t\t\t<\/style><style id=\"wpforms-css-vars-435-block-9d4688ac-3d32-4297-b51a-4a3fec492ed5\">\n\t\t\t\t#wpforms-435.wpforms-block-9d4688ac-3d32-4297-b51a-4a3fec492ed5 {\n\t\t\t\t\t--wpforms-label-color: #fcb900;\n--wpforms-label-sublabel-color: #fcb900;\n--wpforms-field-text-color: #fcb900;\n--wpforms-field-background-color: rgba( 0, 0, 0, 0 );\n--wpforms-field-border-color: #0693e3;\n--wpforms-field-border-color-spare: #0693e3;\n--wpforms-field-menu-color: #0693e3;\n--wpforms-button-border-style: solid;\n--wpforms-button-background-color: #00d084;\n--wpforms-button-text-color: #000000;\n--wpforms-field-size-input-height: 43px;\n--wpforms-field-size-input-spacing: 15px;\n--wpforms-field-size-font-size: 16px;\n--wpforms-field-size-line-height: 19px;\n--wpforms-field-size-padding-h: 14px;\n--wpforms-field-size-checkbox-size: 16px;\n--wpforms-field-size-sublabel-spacing: 5px;\n--wpforms-field-size-icon-size: 1;\n--wpforms-label-size-font-size: 16px;\n--wpforms-label-size-line-height: 19px;\n--wpforms-label-size-sublabel-font-size: 14px;\n--wpforms-label-size-sublabel-line-height: 17px;\n--wpforms-button-size-font-size: 17px;\n--wpforms-button-size-height: 41px;\n--wpforms-button-size-padding-h: 15px;\n--wpforms-button-size-margin-top: 10px;\n\n\t\t\t\t}\n\t\t\t<\/style><div class=\"wpforms-container wpforms-container-full wpforms-block wpforms-block-9d4688ac-3d32-4297-b51a-4a3fec492ed5 wpforms-render-modern\" id=\"wpforms-435\"><form id=\"wpforms-form-435\" class=\"wpforms-validate wpforms-form wpforms-ajax-form\" data-formid=\"435\" method=\"post\" enctype=\"multipart\/form-data\" action=\"\/site\/en\/wp-json\/wp\/v2\/pages\/29\" data-token=\"ae8211f778952448396db544fe0bc080\" data-token-time=\"1775286968\" data-trp-original-action=\"\/site\/en\/wp-json\/wp\/v2\/pages\/29\"><noscript class=\"wpforms-error-noscript\">Please enable JavaScript in your browser to complete this form.<\/noscript><div class=\"wpforms-hidden\" id=\"wpforms-error-noscript\">Please enable JavaScript in your browser to complete this form.<\/div><div class=\"wpforms-field-container\"><div id=\"wpforms-435-field_0-container\" class=\"wpforms-field wpforms-field-name\" data-field-id=\"0\"><fieldset><legend class=\"wpforms-field-label\">Name <span class=\"wpforms-required-label\" aria-hidden=\"true\">*<\/span><\/legend><div class=\"wpforms-field-row wpforms-field-medium\"><div class=\"wpforms-field-row-block wpforms-first wpforms-one-half\"><input type=\"text\" id=\"wpforms-435-field_0\" class=\"wpforms-field-name-first wpforms-field-required\" name=\"wpforms[fields][0][first]\" aria-errormessage=\"wpforms-435-field_0-error\" required><label for=\"wpforms-435-field_0\" class=\"wpforms-field-sublabel after\">First<\/label><\/div><div class=\"wpforms-field-row-block wpforms-one-half\"><input type=\"text\" id=\"wpforms-435-field_0-last\" class=\"wpforms-field-name-last wpforms-field-required\" name=\"wpforms[fields][0][last]\" aria-errormessage=\"wpforms-435-field_0-last-error\" required><label for=\"wpforms-435-field_0-last\" class=\"wpforms-field-sublabel after\">Last<\/label><\/div><\/div><\/fieldset><\/div><div id=\"wpforms-435-field_1-container\" class=\"wpforms-field wpforms-field-email\" data-field-id=\"1\"><label class=\"wpforms-field-label\" for=\"wpforms-435-field_1\">Email <span class=\"wpforms-required-label\" aria-hidden=\"true\">*<\/span><\/label><input type=\"email\" id=\"wpforms-435-field_1\" class=\"wpforms-field-medium wpforms-field-required\" name=\"wpforms[fields][1]\" spellcheck=\"false\" aria-errormessage=\"wpforms-435-field_1-error\" required><\/div><div id=\"wpforms-435-field_2-container\" class=\"wpforms-field wpforms-field-textarea\" data-field-id=\"2\"><label class=\"wpforms-field-label\" for=\"wpforms-435-field_2\">Comment<\/label><textarea id=\"wpforms-435-field_2\" class=\"wpforms-field-medium\" name=\"wpforms[fields][2]\" aria-errormessage=\"wpforms-435-field_2-error\" ><\/textarea><\/div><\/div><!-- .wpforms-field-container --><div class=\"wpforms-submit-container\" ><input type=\"hidden\" name=\"wpforms[id]\" value=\"435\"><input type=\"hidden\" name=\"page_title\" value=\"\"><input type=\"hidden\" name=\"page_url\" value=\"https:\/\/orca-solutions.hr\/site\/en\/wp-json\/wp\/v2\/pages\/29\"><button type=\"submit\" name=\"wpforms[submit]\" id=\"wpforms-submit-435\" class=\"wpforms-submit\" data-alt-text=\"Slanje..\" data-submit-text=\"Po\u0161alji\" aria-live=\"assertive\" value=\"wpforms-submit\">Send<\/button><img loading=\"lazy\" decoding=\"async\" src=\"https:\/\/orca-solutions.hr\/site\/wp-content\/plugins\/wpforms-lite\/assets\/images\/submit-spin.svg\" class=\"wpforms-submit-spinner\" style=\"display: none;\" width=\"26\" height=\"26\" alt=\"Loading\"><\/div><input type=\"hidden\" name=\"trp-form-language\" value=\"en\"\/><\/form><\/div>  <!-- .wpforms-container -->\n\n\n<p><\/p>","protected":false},"excerpt":{"rendered":"<p>If you would like to improve your production facility, please feel free to contact us. Our expert team will be happy to advise you and respond to your inquiry as soon as possible.<\/p>","protected":false},"author":2,"featured_media":84,"parent":2,"menu_order":0,"comment_status":"closed","ping_status":"closed","template":"","meta":{"om_disable_all_campaigns":false,"_monsterinsights_skip_tracking":false,"_monsterinsights_sitenote_active":false,"_monsterinsights_sitenote_note":"","_monsterinsights_sitenote_category":0,"_uf_show_specific_survey":0,"_uf_disable_surveys":false,"footnotes":""},"class_list":["post-29","page","type-page","status-publish","has-post-thumbnail","hentry"],"yoast_head":"<!-- This site is optimized with the Yoast SEO plugin v23.1 - https:\/\/yoast.com\/wordpress\/plugins\/seo\/ -->\n<title>Kontakt - ORCA SOLUTIONS<\/title>\n<meta name=\"robots\" content=\"index, follow, max-snippet:-1, max-image-preview:large, max-video-preview:-1\" \/>\n<link rel=\"canonical\" href=\"https:\/\/orca-solutions.hr\/site\/en\/naslovna\/kontakt\/\" \/>\n<meta property=\"og:locale\" content=\"en_US\" \/>\n<meta property=\"og:type\" content=\"article\" \/>\n<meta property=\"og:title\" content=\"Kontakt - ORCA SOLUTIONS\" \/>\n<meta property=\"og:description\" content=\"Ako \u017eelite unaprijediti svoj proizvodni pogon, slobodno nas kontaktirajte. Na\u0161 stru\u010dni tim rado \u0107e vas savjetovati i odgovoriti na va\u0161 upit u najkra\u0107em mogu\u0107em roku.\" \/>\n<meta property=\"og:url\" content=\"https:\/\/orca-solutions.hr\/site\/en\/naslovna\/kontakt\/\" \/>\n<meta property=\"og:site_name\" content=\"ORCA SOLUTIONS\" \/>\n<meta property=\"article:publisher\" content=\"https:\/\/www.facebook.com\/profile.php?id=100093337872576\" \/>\n<meta property=\"article:modified_time\" content=\"2024-11-27T13:57:39+00:00\" \/>\n<meta property=\"og:image\" content=\"https:\/\/orca-solutions.hr\/site\/wp-content\/uploads\/2023\/02\/lenny-kuhne-jhz70nrk7ns-unsplash-scaled.jpg\" \/>\n\t<meta property=\"og:image:width\" content=\"2560\" \/>\n\t<meta property=\"og:image:height\" content=\"1707\" \/>\n\t<meta property=\"og:image:type\" content=\"image\/jpeg\" \/>\n<meta name=\"twitter:card\" content=\"summary_large_image\" \/>\n<meta name=\"twitter:label1\" content=\"Est. reading time\" \/>\n\t<meta name=\"twitter:data1\" content=\"1 minute\" \/>\n<script type=\"application\/ld+json\" class=\"yoast-schema-graph\">{\"@context\":\"https:\/\/schema.org\",\"@graph\":[{\"@type\":\"WebPage\",\"@id\":\"https:\/\/orca-solutions.hr\/site\/en\/naslovna\/kontakt\/\",\"url\":\"https:\/\/orca-solutions.hr\/site\/en\/naslovna\/kontakt\/\",\"name\":\"Kontakt - ORCA SOLUTIONS\",\"isPartOf\":{\"@id\":\"https:\/\/orca-solutions.hr\/site\/en\/#website\"},\"primaryImageOfPage\":{\"@id\":\"https:\/\/orca-solutions.hr\/site\/en\/naslovna\/kontakt\/#primaryimage\"},\"image\":{\"@id\":\"https:\/\/orca-solutions.hr\/site\/en\/naslovna\/kontakt\/#primaryimage\"},\"thumbnailUrl\":\"https:\/\/orca-solutions.hr\/site\/wp-content\/uploads\/2023\/02\/lenny-kuhne-jhz70nrk7ns-unsplash-scaled.jpg\",\"datePublished\":\"2023-02-21T13:56:46+00:00\",\"dateModified\":\"2024-11-27T13:57:39+00:00\",\"breadcrumb\":{\"@id\":\"https:\/\/orca-solutions.hr\/site\/en\/naslovna\/kontakt\/#breadcrumb\"},\"inLanguage\":\"en-US\",\"potentialAction\":[{\"@type\":\"ReadAction\",\"target\":[\"https:\/\/orca-solutions.hr\/site\/en\/naslovna\/kontakt\/\"]}]},{\"@type\":\"ImageObject\",\"inLanguage\":\"en-US\",\"@id\":\"https:\/\/orca-solutions.hr\/site\/en\/naslovna\/kontakt\/#primaryimage\",\"url\":\"https:\/\/orca-solutions.hr\/site\/wp-content\/uploads\/2023\/02\/lenny-kuhne-jhz70nrk7ns-unsplash-scaled.jpg\",\"contentUrl\":\"https:\/\/orca-solutions.hr\/site\/wp-content\/uploads\/2023\/02\/lenny-kuhne-jhz70nrk7ns-unsplash-scaled.jpg\",\"width\":2560,\"height\":1707},{\"@type\":\"BreadcrumbList\",\"@id\":\"https:\/\/orca-solutions.hr\/site\/en\/naslovna\/kontakt\/#breadcrumb\",\"itemListElement\":[{\"@type\":\"ListItem\",\"position\":1,\"name\":\"Po\u010detna stranica\",\"item\":\"https:\/\/orca-solutions.hr\/site\/en\/\"},{\"@type\":\"ListItem\",\"position\":2,\"name\":\"Naslovna\",\"item\":\"https:\/\/orca-solutions.hr\/site\/en\/naslovna\/\"},{\"@type\":\"ListItem\",\"position\":3,\"name\":\"Kontakt\"}]},{\"@type\":\"WebSite\",\"@id\":\"https:\/\/orca-solutions.hr\/site\/en\/#website\",\"url\":\"https:\/\/orca-solutions.hr\/site\/en\/\",\"name\":\"ORCA SOLUTIONS\",\"description\":\"Teach steel, save bones\",\"publisher\":{\"@id\":\"https:\/\/orca-solutions.hr\/site\/en\/#organization\"},\"alternateName\":\"ORCA\",\"potentialAction\":[{\"@type\":\"SearchAction\",\"target\":{\"@type\":\"EntryPoint\",\"urlTemplate\":\"https:\/\/orca-solutions.hr\/site\/en\/?s={search_term_string}\"},\"query-input\":\"required name=search_term_string\"}],\"inLanguage\":\"en-US\"},{\"@type\":\"Organization\",\"@id\":\"https:\/\/orca-solutions.hr\/site\/en\/#organization\",\"name\":\"ORCA SOLUTIONS j.d.o.o.\",\"alternateName\":\"ORCA\",\"url\":\"https:\/\/orca-solutions.hr\/site\/en\/\",\"logo\":{\"@type\":\"ImageObject\",\"inLanguage\":\"en-US\",\"@id\":\"https:\/\/orca-solutions.hr\/site\/en\/#\/schema\/logo\/image\/\",\"url\":\"https:\/\/orca-solutions.hr\/site\/wp-content\/uploads\/2023\/02\/cropped-cropped-orca-logo-ver.1-bebe-1.png\",\"contentUrl\":\"https:\/\/orca-solutions.hr\/site\/wp-content\/uploads\/2023\/02\/cropped-cropped-orca-logo-ver.1-bebe-1.png\",\"width\":512,\"height\":512,\"caption\":\"ORCA SOLUTIONS j.d.o.o.\"},\"image\":{\"@id\":\"https:\/\/orca-solutions.hr\/site\/en\/#\/schema\/logo\/image\/\"},\"sameAs\":[\"https:\/\/www.facebook.com\/profile.php?id=100093337872576\",\"https:\/\/hr.linkedin.com\/company\/orca-solutions-22?trk=similar-pages\"]}]}<\/script>\n<!-- \/ Yoast SEO plugin. -->","yoast_head_json":{"title":"Kontakt - ORCA SOLUTIONS","robots":{"index":"index","follow":"follow","max-snippet":"max-snippet:-1","max-image-preview":"max-image-preview:large","max-video-preview":"max-video-preview:-1"},"canonical":"https:\/\/orca-solutions.hr\/site\/en\/naslovna\/kontakt\/","og_locale":"en_US","og_type":"article","og_title":"Kontakt - ORCA SOLUTIONS","og_description":"Ako \u017eelite unaprijediti svoj proizvodni pogon, slobodno nas kontaktirajte. Na\u0161 stru\u010dni tim rado \u0107e vas savjetovati i odgovoriti na va\u0161 upit u najkra\u0107em mogu\u0107em roku.","og_url":"https:\/\/orca-solutions.hr\/site\/en\/naslovna\/kontakt\/","og_site_name":"ORCA SOLUTIONS","article_publisher":"https:\/\/www.facebook.com\/profile.php?id=100093337872576","article_modified_time":"2024-11-27T13:57:39+00:00","og_image":[{"width":2560,"height":1707,"url":"https:\/\/orca-solutions.hr\/site\/wp-content\/uploads\/2023\/02\/lenny-kuhne-jhz70nrk7ns-unsplash-scaled.jpg","type":"image\/jpeg"}],"twitter_card":"summary_large_image","twitter_misc":{"Est. reading time":"1 minute"},"schema":{"@context":"https:\/\/schema.org","@graph":[{"@type":"WebPage","@id":"https:\/\/orca-solutions.hr\/site\/en\/naslovna\/kontakt\/","url":"https:\/\/orca-solutions.hr\/site\/en\/naslovna\/kontakt\/","name":"Kontakt - ORCA SOLUTIONS","isPartOf":{"@id":"https:\/\/orca-solutions.hr\/site\/en\/#website"},"primaryImageOfPage":{"@id":"https:\/\/orca-solutions.hr\/site\/en\/naslovna\/kontakt\/#primaryimage"},"image":{"@id":"https:\/\/orca-solutions.hr\/site\/en\/naslovna\/kontakt\/#primaryimage"},"thumbnailUrl":"https:\/\/orca-solutions.hr\/site\/wp-content\/uploads\/2023\/02\/lenny-kuhne-jhz70nrk7ns-unsplash-scaled.jpg","datePublished":"2023-02-21T13:56:46+00:00","dateModified":"2024-11-27T13:57:39+00:00","breadcrumb":{"@id":"https:\/\/orca-solutions.hr\/site\/en\/naslovna\/kontakt\/#breadcrumb"},"inLanguage":"en-US","potentialAction":[{"@type":"ReadAction","target":["https:\/\/orca-solutions.hr\/site\/en\/naslovna\/kontakt\/"]}]},{"@type":"ImageObject","inLanguage":"en-US","@id":"https:\/\/orca-solutions.hr\/site\/en\/naslovna\/kontakt\/#primaryimage","url":"https:\/\/orca-solutions.hr\/site\/wp-content\/uploads\/2023\/02\/lenny-kuhne-jhz70nrk7ns-unsplash-scaled.jpg","contentUrl":"https:\/\/orca-solutions.hr\/site\/wp-content\/uploads\/2023\/02\/lenny-kuhne-jhz70nrk7ns-unsplash-scaled.jpg","width":2560,"height":1707},{"@type":"BreadcrumbList","@id":"https:\/\/orca-solutions.hr\/site\/en\/naslovna\/kontakt\/#breadcrumb","itemListElement":[{"@type":"ListItem","position":1,"name":"Po\u010detna stranica","item":"https:\/\/orca-solutions.hr\/site\/en\/"},{"@type":"ListItem","position":2,"name":"Naslovna","item":"https:\/\/orca-solutions.hr\/site\/en\/naslovna\/"},{"@type":"ListItem","position":3,"name":"Kontakt"}]},{"@type":"WebSite","@id":"https:\/\/orca-solutions.hr\/site\/en\/#website","url":"https:\/\/orca-solutions.hr\/site\/en\/","name":"ORCA SOLUTIONS","description":"Teach steel, save bones","publisher":{"@id":"https:\/\/orca-solutions.hr\/site\/en\/#organization"},"alternateName":"ORCA","potentialAction":[{"@type":"SearchAction","target":{"@type":"EntryPoint","urlTemplate":"https:\/\/orca-solutions.hr\/site\/en\/?s={search_term_string}"},"query-input":"required name=search_term_string"}],"inLanguage":"en-US"},{"@type":"Organization","@id":"https:\/\/orca-solutions.hr\/site\/en\/#organization","name":"ORCA SOLUTIONS j.d.o.o.","alternateName":"ORCA","url":"https:\/\/orca-solutions.hr\/site\/en\/","logo":{"@type":"ImageObject","inLanguage":"en-US","@id":"https:\/\/orca-solutions.hr\/site\/en\/#\/schema\/logo\/image\/","url":"https:\/\/orca-solutions.hr\/site\/wp-content\/uploads\/2023\/02\/cropped-cropped-orca-logo-ver.1-bebe-1.png","contentUrl":"https:\/\/orca-solutions.hr\/site\/wp-content\/uploads\/2023\/02\/cropped-cropped-orca-logo-ver.1-bebe-1.png","width":512,"height":512,"caption":"ORCA SOLUTIONS j.d.o.o."},"image":{"@id":"https:\/\/orca-solutions.hr\/site\/en\/#\/schema\/logo\/image\/"},"sameAs":["https:\/\/www.facebook.com\/profile.php?id=100093337872576","https:\/\/hr.linkedin.com\/company\/orca-solutions-22?trk=similar-pages"]}]}},"_links":{"self":[{"href":"https:\/\/orca-solutions.hr\/site\/en\/wp-json\/wp\/v2\/pages\/29","targetHints":{"allow":["GET"]}}],"collection":[{"href":"https:\/\/orca-solutions.hr\/site\/en\/wp-json\/wp\/v2\/pages"}],"about":[{"href":"https:\/\/orca-solutions.hr\/site\/en\/wp-json\/wp\/v2\/types\/page"}],"author":[{"embeddable":true,"href":"https:\/\/orca-solutions.hr\/site\/en\/wp-json\/wp\/v2\/users\/2"}],"replies":[{"embeddable":true,"href":"https:\/\/orca-solutions.hr\/site\/en\/wp-json\/wp\/v2\/comments?post=29"}],"version-history":[{"count":34,"href":"https:\/\/orca-solutions.hr\/site\/en\/wp-json\/wp\/v2\/pages\/29\/revisions"}],"predecessor-version":[{"id":481,"href":"https:\/\/orca-solutions.hr\/site\/en\/wp-json\/wp\/v2\/pages\/29\/revisions\/481"}],"up":[{"embeddable":true,"href":"https:\/\/orca-solutions.hr\/site\/en\/wp-json\/wp\/v2\/pages\/2"}],"wp:featuredmedia":[{"embeddable":true,"href":"https:\/\/orca-solutions.hr\/site\/en\/wp-json\/wp\/v2\/media\/84"}],"wp:attachment":[{"href":"https:\/\/orca-solutions.hr\/site\/en\/wp-json\/wp\/v2\/media?parent=29"}],"curies":[{"name":"wp","href":"https:\/\/api.w.org\/{rel}","templated":true}]}}