{"id":374,"date":"2024-03-25T13:51:40","date_gmt":"2024-03-25T13:51:40","guid":{"rendered":"https:\/\/orca-solutions.hr\/site\/?page_id=374"},"modified":"2024-11-28T10:11:58","modified_gmt":"2024-11-28T10:11:58","slug":"robotika-i-automatizacija","status":"publish","type":"page","link":"https:\/\/orca-solutions.hr\/site\/en\/robotika-i-automatizacija\/","title":{"rendered":"Robotics and Automation"},"content":{"rendered":"<p>We can confidently offer you a wide range of services in this field, including the design, programming, and installation of robotic systems. Whether you are in the heavy metal industry or the automotive sector, our solutions are tailored to your specific needs to ensure maximum efficiency and productivity. <\/p>\n\n\n\n<figure class=\"wp-block-video\"><video height=\"2160\" style=\"aspect-ratio: 3840 \/ 2160;\" width=\"3840\" autoplay controls loop src=\"https:\/\/orca-solutions.hr\/site\/wp-content\/uploads\/2024\/11\/zavarivanje1.mp4\"><\/video><\/figure>\n\n\n\n<p>If you are planning to automate your production process, we can also offer support by simulating the entire process and working with you to develop an optimal solution for your production needs.<\/p>\n\n\n\n<p>Step into the future of robotics and automation with us. Contact us today and discover how we can transform your business.<\/p>\n\n\n\n<div class=\"wp-block-media-text is-stacked-on-mobile is-image-fill-element\"><figure class=\"wp-block-media-text__media\"><img loading=\"lazy\" decoding=\"async\" width=\"1425\" height=\"903\" src=\"https:\/\/orca-solutions.hr\/site\/wp-content\/uploads\/2024\/11\/1kuka.jpg\" alt=\"\" class=\"wp-image-474 size-full\" style=\"object-position:50% 50%\"\/><\/figure><div class=\"wp-block-media-text__content\">\n<p class=\"has-vivid-green-cyan-color has-text-color has-link-color wp-elements-9694ae74b6aa6fed26c52e636ebe49cf\"><strong><em>INDUSTRIAL ROBOT INTEGRATION<\/em><\/strong><\/p>\n\n\n\n<ul class=\"wp-block-list\">\n<li>Planning and Designing Automation Solutions for Your Production<\/li>\n\n\n\n<li>Integration of KUKA and FANUC Industrial Robots<\/li>\n\n\n\n<li>Programming <\/li>\n\n\n\n<li>Support and Maintenance <\/li>\n<\/ul>\n<\/div><\/div>\n\n\n\n<div class=\"wp-block-media-text is-stacked-on-mobile is-image-fill-element\"><figure class=\"wp-block-media-text__media\"><img loading=\"lazy\" decoding=\"async\" width=\"3200\" height=\"2133\" src=\"https:\/\/orca-solutions.hr\/site\/wp-content\/uploads\/2024\/11\/young-man-engineer-making-program-analyses.jpg\" alt=\"\" class=\"wp-image-475 size-full\" style=\"object-position:50% 50%\"\/><\/figure><div class=\"wp-block-media-text__content\">\n<p class=\"has-vivid-green-cyan-color has-text-color has-link-color wp-elements-466e6b3febcd9c492f05bb1e4093b607\"><strong><em>PLC &amp; SCADA PROGRAMMING<\/em><\/strong><\/p>\n\n\n\n<ul class=\"wp-block-list\">\n<li>PLC &amp; SCADA Program Development <\/li>\n\n\n\n<li>Commissioning <\/li>\n\n\n\n<li>Support and maintenance<\/li>\n<\/ul>\n<\/div><\/div>\n\n\n\n<div class=\"wp-block-media-text is-stacked-on-mobile is-image-fill-element\"><figure class=\"wp-block-media-text__media\"><img loading=\"lazy\" decoding=\"async\" width=\"3648\" height=\"5472\" src=\"https:\/\/orca-solutions.hr\/site\/wp-content\/uploads\/2024\/11\/man-electrical-working-switchboard-with-fuses-uses-tablet-2.jpg\" alt=\"\" class=\"wp-image-478 size-full\" style=\"object-position:50% 50%\"\/><\/figure><div class=\"wp-block-media-text__content\">\n<p class=\"has-vivid-green-cyan-color has-text-color has-link-color wp-elements-cb3caa54cf287e319cbe298b5b823d0c\"><strong><em><br>ELECTRICAL CABINET MANUFACTURING<\/em><\/strong><\/p>\n\n\n\n<ul class=\"wp-block-list\">\n<li>Commissioning<\/li>\n<\/ul>\n\n\n\n<ul class=\"wp-block-list\">\n<li>Electrical Cabinet Design<\/li>\n<\/ul>\n\n\n\n<ul class=\"wp-block-list\">\n<li>EPLAN<\/li>\n<\/ul>\n\n\n\n<ul class=\"wp-block-list\">\n<li>Assembling and wiring electrical cabinets<\/li>\n<\/ul>\n<\/div><\/div>\n\n\n\n<div class=\"wp-block-media-text is-stacked-on-mobile is-image-fill-element\"><figure class=\"wp-block-media-text__media\"><img loading=\"lazy\" decoding=\"async\" width=\"1024\" height=\"513\" src=\"https:\/\/orca-solutions.hr\/site\/wp-content\/uploads\/2024\/03\/simB-1024x513.png\" alt=\"\" class=\"wp-image-375 size-full\" style=\"object-position:50% 50%\" srcset=\"https:\/\/orca-solutions.hr\/site\/wp-content\/uploads\/2024\/03\/simB-1024x513.png 1024w, https:\/\/orca-solutions.hr\/site\/wp-content\/uploads\/2024\/03\/simB-300x150.png 300w, https:\/\/orca-solutions.hr\/site\/wp-content\/uploads\/2024\/03\/simB-768x385.png 768w, https:\/\/orca-solutions.hr\/site\/wp-content\/uploads\/2024\/03\/simB-18x9.png 18w, https:\/\/orca-solutions.hr\/site\/wp-content\/uploads\/2024\/03\/simB-648x325.png 648w, https:\/\/orca-solutions.hr\/site\/wp-content\/uploads\/2024\/03\/simB-383x192.png 383w, https:\/\/orca-solutions.hr\/site\/wp-content\/uploads\/2024\/03\/simB.png 1367w\" sizes=\"auto, (max-width: 1024px) 100vw, 1024px\" \/><\/figure><div class=\"wp-block-media-text__content\">\n<p class=\"has-vivid-green-cyan-color has-text-color has-link-color wp-elements-4b60e8f183fb231f9314e78c453e3823\"><strong><em>MAKING A SIMULATION <\/em><\/strong><\/p>\n\n\n\n<ul class=\"wp-block-list\">\n<li>Conceptual automation solution design<\/li>\n\n\n\n<li>Cycle Time Analysis and Process Optimization<\/li>\n\n\n\n<li>Visual Inspection of the Solution<\/li>\n<\/ul>\n<\/div><\/div>\n\n\n\n<p><\/p>","protected":false},"excerpt":{"rendered":"<p>S sigurno\u0161\u0107u vam mo\u017eemo ponuditi \u0161irok spektar usluga u ovom podru\u010dju, uklju\u010duju\u0107i dizajniranje, programiranje i instalaciju robotskih sustava. Bez obzira jeste li u te\u0161koj metalnoj industriji ili autoindustriji, na\u0161a rje\u0161enja prilago\u0111ena su va\u0161im specifi\u010dnim potrebama kako bi osigurala maksimalnu u\u010dinkovitost i produktivnost. Ukoliko se planirate robotizirati svoj proizvodni proces, tako\u0111er vam mo\u017eemo ponuditi podr\u0161ku te [&hellip;]<\/p>","protected":false},"author":1,"featured_media":472,"parent":0,"menu_order":0,"comment_status":"closed","ping_status":"closed","template":"","meta":{"om_disable_all_campaigns":false,"_monsterinsights_skip_tracking":false,"_monsterinsights_sitenote_active":false,"_monsterinsights_sitenote_note":"","_monsterinsights_sitenote_category":0,"_uf_show_specific_survey":0,"_uf_disable_surveys":false,"footnotes":""},"class_list":["post-374","page","type-page","status-publish","has-post-thumbnail","hentry"],"yoast_head":"<!-- This site is optimized with the Yoast SEO plugin v23.1 - https:\/\/yoast.com\/wordpress\/plugins\/seo\/ -->\n<title>Robotika i Automatizacija - ORCA SOLUTIONS<\/title>\n<meta name=\"robots\" content=\"index, follow, max-snippet:-1, max-image-preview:large, max-video-preview:-1\" \/>\n<link rel=\"canonical\" href=\"https:\/\/orca-solutions.hr\/site\/en\/robotika-i-automatizacija\/\" \/>\n<meta property=\"og:locale\" content=\"en_US\" \/>\n<meta property=\"og:type\" content=\"article\" \/>\n<meta property=\"og:title\" content=\"Robotika i Automatizacija - ORCA SOLUTIONS\" \/>\n<meta property=\"og:description\" content=\"S sigurno\u0161\u0107u vam mo\u017eemo ponuditi \u0161irok spektar usluga u ovom podru\u010dju, uklju\u010duju\u0107i dizajniranje, programiranje i instalaciju robotskih sustava. Bez obzira jeste li u te\u0161koj metalnoj industriji ili autoindustriji, na\u0161a rje\u0161enja prilago\u0111ena su va\u0161im specifi\u010dnim potrebama kako bi osigurala maksimalnu u\u010dinkovitost i produktivnost. Ukoliko se planirate robotizirati svoj proizvodni proces, tako\u0111er vam mo\u017eemo ponuditi podr\u0161ku te [&hellip;]\" \/>\n<meta property=\"og:url\" content=\"https:\/\/orca-solutions.hr\/site\/en\/robotika-i-automatizacija\/\" \/>\n<meta property=\"og:site_name\" content=\"ORCA SOLUTIONS\" \/>\n<meta property=\"article:publisher\" content=\"https:\/\/www.facebook.com\/profile.php?id=100093337872576\" \/>\n<meta property=\"article:modified_time\" content=\"2024-11-28T10:11:58+00:00\" \/>\n<meta property=\"og:image\" content=\"https:\/\/orca-solutions.hr\/site\/wp-content\/uploads\/2024\/11\/car-bodies-are-assembly-line-factory-production-cars-modern-automotive-industry-electric-car-factory-conveyor.jpg\" \/>\n\t<meta property=\"og:image:width\" content=\"1024\" \/>\n\t<meta property=\"og:image:height\" content=\"683\" \/>\n\t<meta property=\"og:image:type\" content=\"image\/jpeg\" \/>\n<meta name=\"twitter:card\" content=\"summary_large_image\" \/>\n<meta name=\"twitter:label1\" content=\"Est. reading time\" \/>\n\t<meta name=\"twitter:data1\" content=\"2 minutes\" \/>\n<script type=\"application\/ld+json\" class=\"yoast-schema-graph\">{\"@context\":\"https:\/\/schema.org\",\"@graph\":[{\"@type\":\"WebPage\",\"@id\":\"https:\/\/orca-solutions.hr\/site\/en\/robotika-i-automatizacija\/\",\"url\":\"https:\/\/orca-solutions.hr\/site\/en\/robotika-i-automatizacija\/\",\"name\":\"Robotika i Automatizacija - ORCA SOLUTIONS\",\"isPartOf\":{\"@id\":\"https:\/\/orca-solutions.hr\/site\/en\/#website\"},\"primaryImageOfPage\":{\"@id\":\"https:\/\/orca-solutions.hr\/site\/en\/robotika-i-automatizacija\/#primaryimage\"},\"image\":{\"@id\":\"https:\/\/orca-solutions.hr\/site\/en\/robotika-i-automatizacija\/#primaryimage\"},\"thumbnailUrl\":\"https:\/\/orca-solutions.hr\/site\/wp-content\/uploads\/2024\/11\/car-bodies-are-assembly-line-factory-production-cars-modern-automotive-industry-electric-car-factory-conveyor.jpg\",\"datePublished\":\"2024-03-25T13:51:40+00:00\",\"dateModified\":\"2024-11-28T10:11:58+00:00\",\"breadcrumb\":{\"@id\":\"https:\/\/orca-solutions.hr\/site\/en\/robotika-i-automatizacija\/#breadcrumb\"},\"inLanguage\":\"en-US\",\"potentialAction\":[{\"@type\":\"ReadAction\",\"target\":[\"https:\/\/orca-solutions.hr\/site\/en\/robotika-i-automatizacija\/\"]}]},{\"@type\":\"ImageObject\",\"inLanguage\":\"en-US\",\"@id\":\"https:\/\/orca-solutions.hr\/site\/en\/robotika-i-automatizacija\/#primaryimage\",\"url\":\"https:\/\/orca-solutions.hr\/site\/wp-content\/uploads\/2024\/11\/car-bodies-are-assembly-line-factory-production-cars-modern-automotive-industry-electric-car-factory-conveyor.jpg\",\"contentUrl\":\"https:\/\/orca-solutions.hr\/site\/wp-content\/uploads\/2024\/11\/car-bodies-are-assembly-line-factory-production-cars-modern-automotive-industry-electric-car-factory-conveyor.jpg\",\"width\":5472,\"height\":3648,\"caption\":\"Car bodies are on assembly line. Factory for production of cars. Modern automotive industry. Electric car factory, conveyor.\"},{\"@type\":\"BreadcrumbList\",\"@id\":\"https:\/\/orca-solutions.hr\/site\/en\/robotika-i-automatizacija\/#breadcrumb\",\"itemListElement\":[{\"@type\":\"ListItem\",\"position\":1,\"name\":\"Po\u010detna stranica\",\"item\":\"https:\/\/orca-solutions.hr\/site\/en\/\"},{\"@type\":\"ListItem\",\"position\":2,\"name\":\"Robotika i Automatizacija\"}]},{\"@type\":\"WebSite\",\"@id\":\"https:\/\/orca-solutions.hr\/site\/en\/#website\",\"url\":\"https:\/\/orca-solutions.hr\/site\/en\/\",\"name\":\"ORCA SOLUTIONS\",\"description\":\"Teach steel, save bones\",\"publisher\":{\"@id\":\"https:\/\/orca-solutions.hr\/site\/en\/#organization\"},\"alternateName\":\"ORCA\",\"potentialAction\":[{\"@type\":\"SearchAction\",\"target\":{\"@type\":\"EntryPoint\",\"urlTemplate\":\"https:\/\/orca-solutions.hr\/site\/en\/?s={search_term_string}\"},\"query-input\":\"required name=search_term_string\"}],\"inLanguage\":\"en-US\"},{\"@type\":\"Organization\",\"@id\":\"https:\/\/orca-solutions.hr\/site\/en\/#organization\",\"name\":\"ORCA SOLUTIONS j.d.o.o.\",\"alternateName\":\"ORCA\",\"url\":\"https:\/\/orca-solutions.hr\/site\/en\/\",\"logo\":{\"@type\":\"ImageObject\",\"inLanguage\":\"en-US\",\"@id\":\"https:\/\/orca-solutions.hr\/site\/en\/#\/schema\/logo\/image\/\",\"url\":\"https:\/\/orca-solutions.hr\/site\/wp-content\/uploads\/2023\/02\/cropped-cropped-orca-logo-ver.1-bebe-1.png\",\"contentUrl\":\"https:\/\/orca-solutions.hr\/site\/wp-content\/uploads\/2023\/02\/cropped-cropped-orca-logo-ver.1-bebe-1.png\",\"width\":512,\"height\":512,\"caption\":\"ORCA SOLUTIONS j.d.o.o.\"},\"image\":{\"@id\":\"https:\/\/orca-solutions.hr\/site\/en\/#\/schema\/logo\/image\/\"},\"sameAs\":[\"https:\/\/www.facebook.com\/profile.php?id=100093337872576\",\"https:\/\/hr.linkedin.com\/company\/orca-solutions-22?trk=similar-pages\"]}]}<\/script>\n<!-- \/ Yoast SEO plugin. -->","yoast_head_json":{"title":"Robotika i Automatizacija - ORCA SOLUTIONS","robots":{"index":"index","follow":"follow","max-snippet":"max-snippet:-1","max-image-preview":"max-image-preview:large","max-video-preview":"max-video-preview:-1"},"canonical":"https:\/\/orca-solutions.hr\/site\/en\/robotika-i-automatizacija\/","og_locale":"en_US","og_type":"article","og_title":"Robotika i Automatizacija - ORCA SOLUTIONS","og_description":"S sigurno\u0161\u0107u vam mo\u017eemo ponuditi \u0161irok spektar usluga u ovom podru\u010dju, uklju\u010duju\u0107i dizajniranje, programiranje i instalaciju robotskih sustava. Bez obzira jeste li u te\u0161koj metalnoj industriji ili autoindustriji, na\u0161a rje\u0161enja prilago\u0111ena su va\u0161im specifi\u010dnim potrebama kako bi osigurala maksimalnu u\u010dinkovitost i produktivnost. Ukoliko se planirate robotizirati svoj proizvodni proces, tako\u0111er vam mo\u017eemo ponuditi podr\u0161ku te [&hellip;]","og_url":"https:\/\/orca-solutions.hr\/site\/en\/robotika-i-automatizacija\/","og_site_name":"ORCA SOLUTIONS","article_publisher":"https:\/\/www.facebook.com\/profile.php?id=100093337872576","article_modified_time":"2024-11-28T10:11:58+00:00","og_image":[{"url":"https:\/\/orca-solutions.hr\/site\/wp-content\/uploads\/2024\/11\/car-bodies-are-assembly-line-factory-production-cars-modern-automotive-industry-electric-car-factory-conveyor.jpg","width":1024,"height":683,"type":"image\/jpeg"}],"twitter_card":"summary_large_image","twitter_misc":{"Est. reading time":"2 minutes"},"schema":{"@context":"https:\/\/schema.org","@graph":[{"@type":"WebPage","@id":"https:\/\/orca-solutions.hr\/site\/en\/robotika-i-automatizacija\/","url":"https:\/\/orca-solutions.hr\/site\/en\/robotika-i-automatizacija\/","name":"Robotika i Automatizacija - ORCA SOLUTIONS","isPartOf":{"@id":"https:\/\/orca-solutions.hr\/site\/en\/#website"},"primaryImageOfPage":{"@id":"https:\/\/orca-solutions.hr\/site\/en\/robotika-i-automatizacija\/#primaryimage"},"image":{"@id":"https:\/\/orca-solutions.hr\/site\/en\/robotika-i-automatizacija\/#primaryimage"},"thumbnailUrl":"https:\/\/orca-solutions.hr\/site\/wp-content\/uploads\/2024\/11\/car-bodies-are-assembly-line-factory-production-cars-modern-automotive-industry-electric-car-factory-conveyor.jpg","datePublished":"2024-03-25T13:51:40+00:00","dateModified":"2024-11-28T10:11:58+00:00","breadcrumb":{"@id":"https:\/\/orca-solutions.hr\/site\/en\/robotika-i-automatizacija\/#breadcrumb"},"inLanguage":"en-US","potentialAction":[{"@type":"ReadAction","target":["https:\/\/orca-solutions.hr\/site\/en\/robotika-i-automatizacija\/"]}]},{"@type":"ImageObject","inLanguage":"en-US","@id":"https:\/\/orca-solutions.hr\/site\/en\/robotika-i-automatizacija\/#primaryimage","url":"https:\/\/orca-solutions.hr\/site\/wp-content\/uploads\/2024\/11\/car-bodies-are-assembly-line-factory-production-cars-modern-automotive-industry-electric-car-factory-conveyor.jpg","contentUrl":"https:\/\/orca-solutions.hr\/site\/wp-content\/uploads\/2024\/11\/car-bodies-are-assembly-line-factory-production-cars-modern-automotive-industry-electric-car-factory-conveyor.jpg","width":5472,"height":3648,"caption":"Car bodies are on assembly line. Factory for production of cars. Modern automotive industry. Electric car factory, conveyor."},{"@type":"BreadcrumbList","@id":"https:\/\/orca-solutions.hr\/site\/en\/robotika-i-automatizacija\/#breadcrumb","itemListElement":[{"@type":"ListItem","position":1,"name":"Po\u010detna stranica","item":"https:\/\/orca-solutions.hr\/site\/en\/"},{"@type":"ListItem","position":2,"name":"Robotika i Automatizacija"}]},{"@type":"WebSite","@id":"https:\/\/orca-solutions.hr\/site\/en\/#website","url":"https:\/\/orca-solutions.hr\/site\/en\/","name":"ORCA SOLUTIONS","description":"Teach steel, save bones","publisher":{"@id":"https:\/\/orca-solutions.hr\/site\/en\/#organization"},"alternateName":"ORCA","potentialAction":[{"@type":"SearchAction","target":{"@type":"EntryPoint","urlTemplate":"https:\/\/orca-solutions.hr\/site\/en\/?s={search_term_string}"},"query-input":"required name=search_term_string"}],"inLanguage":"en-US"},{"@type":"Organization","@id":"https:\/\/orca-solutions.hr\/site\/en\/#organization","name":"ORCA SOLUTIONS j.d.o.o.","alternateName":"ORCA","url":"https:\/\/orca-solutions.hr\/site\/en\/","logo":{"@type":"ImageObject","inLanguage":"en-US","@id":"https:\/\/orca-solutions.hr\/site\/en\/#\/schema\/logo\/image\/","url":"https:\/\/orca-solutions.hr\/site\/wp-content\/uploads\/2023\/02\/cropped-cropped-orca-logo-ver.1-bebe-1.png","contentUrl":"https:\/\/orca-solutions.hr\/site\/wp-content\/uploads\/2023\/02\/cropped-cropped-orca-logo-ver.1-bebe-1.png","width":512,"height":512,"caption":"ORCA SOLUTIONS j.d.o.o."},"image":{"@id":"https:\/\/orca-solutions.hr\/site\/en\/#\/schema\/logo\/image\/"},"sameAs":["https:\/\/www.facebook.com\/profile.php?id=100093337872576","https:\/\/hr.linkedin.com\/company\/orca-solutions-22?trk=similar-pages"]}]}},"_links":{"self":[{"href":"https:\/\/orca-solutions.hr\/site\/en\/wp-json\/wp\/v2\/pages\/374","targetHints":{"allow":["GET"]}}],"collection":[{"href":"https:\/\/orca-solutions.hr\/site\/en\/wp-json\/wp\/v2\/pages"}],"about":[{"href":"https:\/\/orca-solutions.hr\/site\/en\/wp-json\/wp\/v2\/types\/page"}],"author":[{"embeddable":true,"href":"https:\/\/orca-solutions.hr\/site\/en\/wp-json\/wp\/v2\/users\/1"}],"replies":[{"embeddable":true,"href":"https:\/\/orca-solutions.hr\/site\/en\/wp-json\/wp\/v2\/comments?post=374"}],"version-history":[{"count":12,"href":"https:\/\/orca-solutions.hr\/site\/en\/wp-json\/wp\/v2\/pages\/374\/revisions"}],"predecessor-version":[{"id":494,"href":"https:\/\/orca-solutions.hr\/site\/en\/wp-json\/wp\/v2\/pages\/374\/revisions\/494"}],"wp:featuredmedia":[{"embeddable":true,"href":"https:\/\/orca-solutions.hr\/site\/en\/wp-json\/wp\/v2\/media\/472"}],"wp:attachment":[{"href":"https:\/\/orca-solutions.hr\/site\/en\/wp-json\/wp\/v2\/media?parent=374"}],"curies":[{"name":"wp","href":"https:\/\/api.w.org\/{rel}","templated":true}]}}