{"id":408,"date":"2024-03-25T13:58:42","date_gmt":"2024-03-25T13:58:42","guid":{"rendered":"https:\/\/orca-solutions.hr\/site\/?page_id=408"},"modified":"2024-11-28T11:23:21","modified_gmt":"2024-11-28T11:23:21","slug":"odrzavanje-proizvodnih-pogona","status":"publish","type":"page","link":"https:\/\/orca-solutions.hr\/site\/en\/odrzavanje-proizvodnih-pogona\/","title":{"rendered":"MAINTENANCE OF PRODUCTION"},"content":{"rendered":"<p><em>It is easy to conclude how important maintenance quality is for any manufacturing plant. A high level of process reliability and efficient troubleshooting are key factors in successful production. For effective maintenance, it is crucial to have a thorough understanding of the production system, which leads to more efficient identification and elimination of failure causes. <\/em><\/p>\n\n\n\n<h3 class=\"wp-block-heading has-text-align-center\"><em>PRODUCTION MAINTENANCE CUSTOMIZED TO YOUR NEEDS<\/em><\/h3>\n\n\n\n<p><em> Production maintenance services through flexible packages:<\/em><\/p>\n\n\n\n<div class=\"wp-block-media-text is-stacked-on-mobile is-image-fill-element\"><figure class=\"wp-block-media-text__media\"><img loading=\"lazy\" decoding=\"async\" width=\"3648\" height=\"5472\" src=\"https:\/\/orca-solutions.hr\/site\/wp-content\/uploads\/2024\/11\/male-electrician-working-switchboard-with-fuses.jpg\" alt=\"\" class=\"wp-image-456 size-full\" style=\"object-position:50% 50%\"\/><\/figure><div class=\"wp-block-media-text__content\">\n<p class=\"has-vivid-green-cyan-color has-text-color has-link-color wp-elements-2a9022af59c8afd4005d2dda6110585e\"><strong><em>Maintenance on call<\/em><\/strong><\/p>\n\n\n\n<ul class=\"wp-block-list\">\n<li>Fast and efficient intervention whenever you need it, without any obligations.<\/li>\n<\/ul>\n\n\n\n<p class=\"has-vivid-green-cyan-color has-text-color has-link-color wp-elements-f26c2c62a3235c4e724bccdec982f4b5\"><strong><em>Flat-rate corrective maintenance<\/em><\/strong><\/p>\n\n\n\n<ul class=\"wp-block-list\">\n<li>Regular fault and problem resolution, with predictable costs.<\/li>\n<\/ul>\n\n\n\n<p class=\"has-vivid-green-cyan-color has-text-color has-link-color wp-elements-0f7896909c7e4a6446554d1d5e677b46\"><strong><em>Flat-rate preventive maintenance.<\/em><\/strong><\/p>\n\n\n\n<ul class=\"wp-block-list\">\n<li>Planned maintenance to prevent breakdowns and ensure long-lasting equipment performance.<\/li>\n\n\n\n<li>Continuous condition monitoring, taking action before a failure occurs.<\/li>\n<\/ul>\n<\/div><\/div>\n\n\n\n<p class=\"has-medium-font-size\"><em>We provide professional support to ensure the continuity of your production. Contact us and choose the package that suits you best!<\/em><\/p>\n\n\n\n<div class=\"wp-block-media-text is-stacked-on-mobile\"><figure class=\"wp-block-media-text__media\"><img loading=\"lazy\" decoding=\"async\" width=\"5120\" height=\"3840\" src=\"https:\/\/orca-solutions.hr\/site\/wp-content\/uploads\/2024\/11\/web-odrzavanje.jpg\" alt=\"\" class=\"wp-image-458 size-full\"\/><\/figure><div class=\"wp-block-media-text__content\">\n<figure class=\"wp-block-image size-full is-resized\"><img loading=\"lazy\" decoding=\"async\" width=\"3701\" height=\"2472\" src=\"https:\/\/orca-solutions.hr\/site\/wp-content\/uploads\/2024\/11\/mika-baumeister-9B6SpJtAvA8-unsplash.jpg\" alt=\"\" class=\"wp-image-457\" style=\"width:380px;height:auto\"\/><\/figure>\n<\/div><\/div>\n\n\n\n<p><\/p>","protected":false},"excerpt":{"rendered":"<p>Vrlo je lako zaklju\u010diti koliko je kvaliteta odr\u017eavanja va\u017ena za svaku proizvodnu tvornicu. Visoka razina pouzdanosti procesa i u\u010dinkovito otklanjanje pote\u0161ko\u0107a jedan su od glavnih \u010dimbenika uspje\u0161ne proizvodnje. Za u\u010dinkovitost odr\u017eavanja va\u017eno je dobro upoznati proizvodni sustav, \u0161to dovodi do u\u010dinkovitijeg otkrivanja i eliminiranja uzroka kvarova. ODR\u017dAVANJE PROIZVODNJE PO VA\u0160OJ MJERI Odr\u017eavanje proizvodnje kroz fleksibilne [&hellip;]<\/p>","protected":false},"author":1,"featured_media":459,"parent":0,"menu_order":0,"comment_status":"closed","ping_status":"closed","template":"","meta":{"om_disable_all_campaigns":false,"_monsterinsights_skip_tracking":false,"_monsterinsights_sitenote_active":false,"_monsterinsights_sitenote_note":"","_monsterinsights_sitenote_category":0,"_uf_show_specific_survey":0,"_uf_disable_surveys":false,"footnotes":""},"class_list":["post-408","page","type-page","status-publish","has-post-thumbnail","hentry"],"yoast_head":"<!-- This site is optimized with the Yoast SEO plugin v23.1 - https:\/\/yoast.com\/wordpress\/plugins\/seo\/ -->\n<title>ODR\u017dAVANJE PROIZVODNIH POGONA - ORCA SOLUTIONS<\/title>\n<meta name=\"robots\" content=\"index, follow, max-snippet:-1, max-image-preview:large, max-video-preview:-1\" \/>\n<link rel=\"canonical\" href=\"https:\/\/orca-solutions.hr\/site\/en\/odrzavanje-proizvodnih-pogona\/\" \/>\n<meta property=\"og:locale\" content=\"en_US\" \/>\n<meta property=\"og:type\" content=\"article\" \/>\n<meta property=\"og:title\" content=\"ODR\u017dAVANJE PROIZVODNIH POGONA - ORCA SOLUTIONS\" \/>\n<meta property=\"og:description\" content=\"Vrlo je lako zaklju\u010diti koliko je kvaliteta odr\u017eavanja va\u017ena za svaku proizvodnu tvornicu. Visoka razina pouzdanosti procesa i u\u010dinkovito otklanjanje pote\u0161ko\u0107a jedan su od glavnih \u010dimbenika uspje\u0161ne proizvodnje. Za u\u010dinkovitost odr\u017eavanja va\u017eno je dobro upoznati proizvodni sustav, \u0161to dovodi do u\u010dinkovitijeg otkrivanja i eliminiranja uzroka kvarova. ODR\u017dAVANJE PROIZVODNJE PO VA\u0160OJ MJERI Odr\u017eavanje proizvodnje kroz fleksibilne [&hellip;]\" \/>\n<meta property=\"og:url\" content=\"https:\/\/orca-solutions.hr\/site\/en\/odrzavanje-proizvodnih-pogona\/\" \/>\n<meta property=\"og:site_name\" content=\"ORCA SOLUTIONS\" \/>\n<meta property=\"article:publisher\" content=\"https:\/\/www.facebook.com\/profile.php?id=100093337872576\" \/>\n<meta property=\"article:modified_time\" content=\"2024-11-28T11:23:21+00:00\" \/>\n<meta property=\"og:image\" content=\"https:\/\/orca-solutions.hr\/site\/wp-content\/uploads\/2024\/11\/view-male-engineer-work-engineers-day-celebration.jpg\" \/>\n\t<meta property=\"og:image:width\" content=\"4032\" \/>\n\t<meta property=\"og:image:height\" content=\"2688\" \/>\n\t<meta property=\"og:image:type\" content=\"image\/jpeg\" \/>\n<meta name=\"twitter:card\" content=\"summary_large_image\" \/>\n<meta name=\"twitter:label1\" content=\"Est. reading time\" \/>\n\t<meta name=\"twitter:data1\" content=\"2 minutes\" \/>\n<script type=\"application\/ld+json\" class=\"yoast-schema-graph\">{\"@context\":\"https:\/\/schema.org\",\"@graph\":[{\"@type\":\"WebPage\",\"@id\":\"https:\/\/orca-solutions.hr\/site\/en\/odrzavanje-proizvodnih-pogona\/\",\"url\":\"https:\/\/orca-solutions.hr\/site\/en\/odrzavanje-proizvodnih-pogona\/\",\"name\":\"ODR\u017dAVANJE PROIZVODNIH POGONA - ORCA SOLUTIONS\",\"isPartOf\":{\"@id\":\"https:\/\/orca-solutions.hr\/site\/en\/#website\"},\"primaryImageOfPage\":{\"@id\":\"https:\/\/orca-solutions.hr\/site\/en\/odrzavanje-proizvodnih-pogona\/#primaryimage\"},\"image\":{\"@id\":\"https:\/\/orca-solutions.hr\/site\/en\/odrzavanje-proizvodnih-pogona\/#primaryimage\"},\"thumbnailUrl\":\"https:\/\/orca-solutions.hr\/site\/wp-content\/uploads\/2024\/11\/view-male-engineer-work-engineers-day-celebration.jpg\",\"datePublished\":\"2024-03-25T13:58:42+00:00\",\"dateModified\":\"2024-11-28T11:23:21+00:00\",\"breadcrumb\":{\"@id\":\"https:\/\/orca-solutions.hr\/site\/en\/odrzavanje-proizvodnih-pogona\/#breadcrumb\"},\"inLanguage\":\"en-US\",\"potentialAction\":[{\"@type\":\"ReadAction\",\"target\":[\"https:\/\/orca-solutions.hr\/site\/en\/odrzavanje-proizvodnih-pogona\/\"]}]},{\"@type\":\"ImageObject\",\"inLanguage\":\"en-US\",\"@id\":\"https:\/\/orca-solutions.hr\/site\/en\/odrzavanje-proizvodnih-pogona\/#primaryimage\",\"url\":\"https:\/\/orca-solutions.hr\/site\/wp-content\/uploads\/2024\/11\/view-male-engineer-work-engineers-day-celebration.jpg\",\"contentUrl\":\"https:\/\/orca-solutions.hr\/site\/wp-content\/uploads\/2024\/11\/view-male-engineer-work-engineers-day-celebration.jpg\",\"width\":4032,\"height\":2688,\"caption\":\"engineering worker in the workflow --chaos 5 --ar 3:2 --stylize 50 Job ID: f9e1ee5c-78a2-4161-8792-db3d2eade97f\"},{\"@type\":\"BreadcrumbList\",\"@id\":\"https:\/\/orca-solutions.hr\/site\/en\/odrzavanje-proizvodnih-pogona\/#breadcrumb\",\"itemListElement\":[{\"@type\":\"ListItem\",\"position\":1,\"name\":\"Po\u010detna stranica\",\"item\":\"https:\/\/orca-solutions.hr\/site\/en\/\"},{\"@type\":\"ListItem\",\"position\":2,\"name\":\"ODR\u017dAVANJE PROIZVODNIH POGONA\"}]},{\"@type\":\"WebSite\",\"@id\":\"https:\/\/orca-solutions.hr\/site\/en\/#website\",\"url\":\"https:\/\/orca-solutions.hr\/site\/en\/\",\"name\":\"ORCA SOLUTIONS\",\"description\":\"Teach steel, save bones\",\"publisher\":{\"@id\":\"https:\/\/orca-solutions.hr\/site\/en\/#organization\"},\"alternateName\":\"ORCA\",\"potentialAction\":[{\"@type\":\"SearchAction\",\"target\":{\"@type\":\"EntryPoint\",\"urlTemplate\":\"https:\/\/orca-solutions.hr\/site\/en\/?s={search_term_string}\"},\"query-input\":\"required name=search_term_string\"}],\"inLanguage\":\"en-US\"},{\"@type\":\"Organization\",\"@id\":\"https:\/\/orca-solutions.hr\/site\/en\/#organization\",\"name\":\"ORCA SOLUTIONS j.d.o.o.\",\"alternateName\":\"ORCA\",\"url\":\"https:\/\/orca-solutions.hr\/site\/en\/\",\"logo\":{\"@type\":\"ImageObject\",\"inLanguage\":\"en-US\",\"@id\":\"https:\/\/orca-solutions.hr\/site\/en\/#\/schema\/logo\/image\/\",\"url\":\"https:\/\/orca-solutions.hr\/site\/wp-content\/uploads\/2023\/02\/cropped-cropped-orca-logo-ver.1-bebe-1.png\",\"contentUrl\":\"https:\/\/orca-solutions.hr\/site\/wp-content\/uploads\/2023\/02\/cropped-cropped-orca-logo-ver.1-bebe-1.png\",\"width\":512,\"height\":512,\"caption\":\"ORCA SOLUTIONS j.d.o.o.\"},\"image\":{\"@id\":\"https:\/\/orca-solutions.hr\/site\/en\/#\/schema\/logo\/image\/\"},\"sameAs\":[\"https:\/\/www.facebook.com\/profile.php?id=100093337872576\",\"https:\/\/hr.linkedin.com\/company\/orca-solutions-22?trk=similar-pages\"]}]}<\/script>\n<!-- \/ Yoast SEO plugin. -->","yoast_head_json":{"title":"ODR\u017dAVANJE PROIZVODNIH POGONA - ORCA SOLUTIONS","robots":{"index":"index","follow":"follow","max-snippet":"max-snippet:-1","max-image-preview":"max-image-preview:large","max-video-preview":"max-video-preview:-1"},"canonical":"https:\/\/orca-solutions.hr\/site\/en\/odrzavanje-proizvodnih-pogona\/","og_locale":"en_US","og_type":"article","og_title":"ODR\u017dAVANJE PROIZVODNIH POGONA - ORCA SOLUTIONS","og_description":"Vrlo je lako zaklju\u010diti koliko je kvaliteta odr\u017eavanja va\u017ena za svaku proizvodnu tvornicu. Visoka razina pouzdanosti procesa i u\u010dinkovito otklanjanje pote\u0161ko\u0107a jedan su od glavnih \u010dimbenika uspje\u0161ne proizvodnje. Za u\u010dinkovitost odr\u017eavanja va\u017eno je dobro upoznati proizvodni sustav, \u0161to dovodi do u\u010dinkovitijeg otkrivanja i eliminiranja uzroka kvarova. ODR\u017dAVANJE PROIZVODNJE PO VA\u0160OJ MJERI Odr\u017eavanje proizvodnje kroz fleksibilne [&hellip;]","og_url":"https:\/\/orca-solutions.hr\/site\/en\/odrzavanje-proizvodnih-pogona\/","og_site_name":"ORCA SOLUTIONS","article_publisher":"https:\/\/www.facebook.com\/profile.php?id=100093337872576","article_modified_time":"2024-11-28T11:23:21+00:00","og_image":[{"width":4032,"height":2688,"url":"https:\/\/orca-solutions.hr\/site\/wp-content\/uploads\/2024\/11\/view-male-engineer-work-engineers-day-celebration.jpg","type":"image\/jpeg"}],"twitter_card":"summary_large_image","twitter_misc":{"Est. reading time":"2 minutes"},"schema":{"@context":"https:\/\/schema.org","@graph":[{"@type":"WebPage","@id":"https:\/\/orca-solutions.hr\/site\/en\/odrzavanje-proizvodnih-pogona\/","url":"https:\/\/orca-solutions.hr\/site\/en\/odrzavanje-proizvodnih-pogona\/","name":"ODR\u017dAVANJE PROIZVODNIH POGONA - ORCA SOLUTIONS","isPartOf":{"@id":"https:\/\/orca-solutions.hr\/site\/en\/#website"},"primaryImageOfPage":{"@id":"https:\/\/orca-solutions.hr\/site\/en\/odrzavanje-proizvodnih-pogona\/#primaryimage"},"image":{"@id":"https:\/\/orca-solutions.hr\/site\/en\/odrzavanje-proizvodnih-pogona\/#primaryimage"},"thumbnailUrl":"https:\/\/orca-solutions.hr\/site\/wp-content\/uploads\/2024\/11\/view-male-engineer-work-engineers-day-celebration.jpg","datePublished":"2024-03-25T13:58:42+00:00","dateModified":"2024-11-28T11:23:21+00:00","breadcrumb":{"@id":"https:\/\/orca-solutions.hr\/site\/en\/odrzavanje-proizvodnih-pogona\/#breadcrumb"},"inLanguage":"en-US","potentialAction":[{"@type":"ReadAction","target":["https:\/\/orca-solutions.hr\/site\/en\/odrzavanje-proizvodnih-pogona\/"]}]},{"@type":"ImageObject","inLanguage":"en-US","@id":"https:\/\/orca-solutions.hr\/site\/en\/odrzavanje-proizvodnih-pogona\/#primaryimage","url":"https:\/\/orca-solutions.hr\/site\/wp-content\/uploads\/2024\/11\/view-male-engineer-work-engineers-day-celebration.jpg","contentUrl":"https:\/\/orca-solutions.hr\/site\/wp-content\/uploads\/2024\/11\/view-male-engineer-work-engineers-day-celebration.jpg","width":4032,"height":2688,"caption":"engineering worker in the workflow --chaos 5 --ar 3:2 --stylize 50 Job ID: f9e1ee5c-78a2-4161-8792-db3d2eade97f"},{"@type":"BreadcrumbList","@id":"https:\/\/orca-solutions.hr\/site\/en\/odrzavanje-proizvodnih-pogona\/#breadcrumb","itemListElement":[{"@type":"ListItem","position":1,"name":"Po\u010detna stranica","item":"https:\/\/orca-solutions.hr\/site\/en\/"},{"@type":"ListItem","position":2,"name":"ODR\u017dAVANJE PROIZVODNIH POGONA"}]},{"@type":"WebSite","@id":"https:\/\/orca-solutions.hr\/site\/en\/#website","url":"https:\/\/orca-solutions.hr\/site\/en\/","name":"ORCA SOLUTIONS","description":"Teach steel, save bones","publisher":{"@id":"https:\/\/orca-solutions.hr\/site\/en\/#organization"},"alternateName":"ORCA","potentialAction":[{"@type":"SearchAction","target":{"@type":"EntryPoint","urlTemplate":"https:\/\/orca-solutions.hr\/site\/en\/?s={search_term_string}"},"query-input":"required name=search_term_string"}],"inLanguage":"en-US"},{"@type":"Organization","@id":"https:\/\/orca-solutions.hr\/site\/en\/#organization","name":"ORCA SOLUTIONS j.d.o.o.","alternateName":"ORCA","url":"https:\/\/orca-solutions.hr\/site\/en\/","logo":{"@type":"ImageObject","inLanguage":"en-US","@id":"https:\/\/orca-solutions.hr\/site\/en\/#\/schema\/logo\/image\/","url":"https:\/\/orca-solutions.hr\/site\/wp-content\/uploads\/2023\/02\/cropped-cropped-orca-logo-ver.1-bebe-1.png","contentUrl":"https:\/\/orca-solutions.hr\/site\/wp-content\/uploads\/2023\/02\/cropped-cropped-orca-logo-ver.1-bebe-1.png","width":512,"height":512,"caption":"ORCA SOLUTIONS j.d.o.o."},"image":{"@id":"https:\/\/orca-solutions.hr\/site\/en\/#\/schema\/logo\/image\/"},"sameAs":["https:\/\/www.facebook.com\/profile.php?id=100093337872576","https:\/\/hr.linkedin.com\/company\/orca-solutions-22?trk=similar-pages"]}]}},"_links":{"self":[{"href":"https:\/\/orca-solutions.hr\/site\/en\/wp-json\/wp\/v2\/pages\/408","targetHints":{"allow":["GET"]}}],"collection":[{"href":"https:\/\/orca-solutions.hr\/site\/en\/wp-json\/wp\/v2\/pages"}],"about":[{"href":"https:\/\/orca-solutions.hr\/site\/en\/wp-json\/wp\/v2\/types\/page"}],"author":[{"embeddable":true,"href":"https:\/\/orca-solutions.hr\/site\/en\/wp-json\/wp\/v2\/users\/1"}],"replies":[{"embeddable":true,"href":"https:\/\/orca-solutions.hr\/site\/en\/wp-json\/wp\/v2\/comments?post=408"}],"version-history":[{"count":4,"href":"https:\/\/orca-solutions.hr\/site\/en\/wp-json\/wp\/v2\/pages\/408\/revisions"}],"predecessor-version":[{"id":495,"href":"https:\/\/orca-solutions.hr\/site\/en\/wp-json\/wp\/v2\/pages\/408\/revisions\/495"}],"wp:featuredmedia":[{"embeddable":true,"href":"https:\/\/orca-solutions.hr\/site\/en\/wp-json\/wp\/v2\/media\/459"}],"wp:attachment":[{"href":"https:\/\/orca-solutions.hr\/site\/en\/wp-json\/wp\/v2\/media?parent=408"}],"curies":[{"name":"wp","href":"https:\/\/api.w.org\/{rel}","templated":true}]}}