{"id":414,"date":"2024-03-25T14:03:49","date_gmt":"2024-03-25T14:03:49","guid":{"rendered":"https:\/\/orca-solutions.hr\/site\/?page_id=414"},"modified":"2024-11-27T13:48:35","modified_gmt":"2024-11-27T13:48:35","slug":"konstruiranje-i-dizajn","status":"publish","type":"page","link":"https:\/\/orca-solutions.hr\/site\/en\/konstruiranje-i-dizajn\/","title":{"rendered":"CONSTRUCTION AND DESIGN"},"content":{"rendered":"<p>Innovation is the key to success, so we are extremely pleased to create a machine tailored to your needs.<\/p>\n\n\n\n<figure class=\"wp-block-video\"><video height=\"2160\" style=\"aspect-ratio: 3840 \/ 2160;\" width=\"3840\" autoplay controls loop src=\"https:\/\/orca-solutions.hr\/site\/wp-content\/uploads\/2024\/11\/4751092_Pharmaceutical_Manufacturing_3840x2160-1.mp4\"><\/video><\/figure>\n\n\n\n<p>Creating automation systems according to your needs <\/p>\n\n\n\n<div class=\"wp-block-media-text is-stacked-on-mobile is-image-fill-element\"><figure class=\"wp-block-media-text__media\"><img loading=\"lazy\" decoding=\"async\" width=\"3333\" height=\"2500\" src=\"https:\/\/orca-solutions.hr\/site\/wp-content\/uploads\/2024\/11\/pexels-kjbromme-16647824.jpg\" alt=\"\" class=\"wp-image-463 size-full\" style=\"object-position:50% 50%\"\/><\/figure><div class=\"wp-block-media-text__content\">\n<p class=\"has-vivid-green-cyan-color has-text-color has-link-color wp-elements-f167f833440d1b270ef726d98188b05d\"><em><strong>DEVELOPMENT OF CUSTOMIZED INDUSTRIAL SOLUTIONS<\/strong><\/em><\/p>\n\n\n\n<ul class=\"wp-block-list has-small-font-size\">\n<li>Construction and design of equipment according to your measure <\/li>\n<\/ul>\n\n\n\n<ul class=\"wp-block-list has-small-font-size\">\n<li>Creation of complete technical documentation and user manuals<\/li>\n\n\n\n<li>Mechanical construction of the machine <\/li>\n<\/ul>\n\n\n\n<ul class=\"wp-block-list has-small-font-size\">\n<li>Commissioning and machine fine-tuning<\/li>\n<\/ul>\n<\/div><\/div>\n\n\n\n<div class=\"wp-block-media-text is-stacked-on-mobile is-image-fill-element\"><figure class=\"wp-block-media-text__media\"><img loading=\"lazy\" decoding=\"async\" width=\"5445\" height=\"3630\" src=\"https:\/\/orca-solutions.hr\/site\/wp-content\/uploads\/2024\/11\/lifestyle-designer-using-3d-printer.jpg\" alt=\"\" class=\"wp-image-466 size-full\" style=\"object-position:50% 50%\"\/><\/figure><div class=\"wp-block-media-text__content\">\n<p class=\"has-vivid-green-cyan-color has-text-color has-link-color wp-elements-42a75a1a436ad0dbaf25fbb0aea0f2ce\"><strong><em>PROTOTYPE DEVELOPMENT<\/em><\/strong><\/p>\n\n\n\n<ul class=\"wp-block-list\">\n<li>Prototype development of robotic end-of-arm tooling (EOAT).<\/li>\n\n\n\n<li>Prototyping mobile robots <\/li>\n\n\n\n<li>Prototyping of control systems <\/li>\n\n\n\n<li>Prototyping of mechanical components<\/li>\n<\/ul>\n<\/div><\/div>\n\n\n\n<div class=\"wp-block-media-text is-stacked-on-mobile is-image-fill-element\"><figure class=\"wp-block-media-text__media\"><img loading=\"lazy\" decoding=\"async\" width=\"3500\" height=\"2500\" src=\"https:\/\/orca-solutions.hr\/site\/wp-content\/uploads\/2024\/11\/3d-rendering-hydraulic-elements.jpg\" alt=\"\" class=\"wp-image-467 size-full\" style=\"object-position:50% 50%\"\/><\/figure><div class=\"wp-block-media-text__content\">\n<p class=\"has-vivid-green-cyan-color has-text-color has-link-color wp-elements-b53c8605ef180f38e8d97a21f6e4be8f\">MAKING ROBOTIC GRIPPERS - EOAT<\/p>\n\n\n\n<ul class=\"wp-block-list\">\n<li>Palletization<\/li>\n\n\n\n<li>Pick and place<\/li>\n\n\n\n<li>CNC machine handling<\/li>\n\n\n\n<li>Forging.<\/li>\n\n\n\n<li>Grinding.<\/li>\n<\/ul>\n<\/div><\/div>\n\n\n\n<p><\/p>","protected":false},"excerpt":{"rendered":"<p>Inovacija je klju\u010d uspjeha, stoga nam je izuzetno zadovoljstvo stvoriti stroj prilago\u0111en va\u0161im potrebama. Izrada automatizacijskih sustava po va\u0161im potrebama<\/p>","protected":false},"author":1,"featured_media":461,"parent":0,"menu_order":0,"comment_status":"closed","ping_status":"closed","template":"","meta":{"om_disable_all_campaigns":false,"_monsterinsights_skip_tracking":false,"_monsterinsights_sitenote_active":false,"_monsterinsights_sitenote_note":"","_monsterinsights_sitenote_category":0,"_uf_show_specific_survey":0,"_uf_disable_surveys":false,"footnotes":""},"class_list":["post-414","page","type-page","status-publish","has-post-thumbnail","hentry"],"yoast_head":"<!-- This site is optimized with the Yoast SEO plugin v23.1 - https:\/\/yoast.com\/wordpress\/plugins\/seo\/ -->\n<title>KONSTRUIRANJE I DIZAJN - ORCA SOLUTIONS<\/title>\n<meta name=\"robots\" content=\"index, follow, max-snippet:-1, max-image-preview:large, max-video-preview:-1\" \/>\n<link rel=\"canonical\" href=\"https:\/\/orca-solutions.hr\/site\/en\/konstruiranje-i-dizajn\/\" \/>\n<meta property=\"og:locale\" content=\"en_US\" \/>\n<meta property=\"og:type\" content=\"article\" \/>\n<meta property=\"og:title\" content=\"KONSTRUIRANJE I DIZAJN - ORCA SOLUTIONS\" \/>\n<meta property=\"og:description\" content=\"Inovacija je klju\u010d uspjeha, stoga nam je izuzetno zadovoljstvo stvoriti stroj prilago\u0111en va\u0161im potrebama. Izrada automatizacijskih sustava po va\u0161im potrebama\" \/>\n<meta property=\"og:url\" content=\"https:\/\/orca-solutions.hr\/site\/en\/konstruiranje-i-dizajn\/\" \/>\n<meta property=\"og:site_name\" content=\"ORCA SOLUTIONS\" \/>\n<meta property=\"article:publisher\" content=\"https:\/\/www.facebook.com\/profile.php?id=100093337872576\" \/>\n<meta property=\"article:modified_time\" content=\"2024-11-27T13:48:35+00:00\" \/>\n<meta property=\"og:image\" content=\"https:\/\/orca-solutions.hr\/site\/wp-content\/uploads\/2024\/11\/pexels-ludodelot-18471537.jpg\" \/>\n\t<meta property=\"og:image:width\" content=\"1024\" \/>\n\t<meta property=\"og:image:height\" content=\"768\" \/>\n\t<meta property=\"og:image:type\" content=\"image\/jpeg\" \/>\n<meta name=\"twitter:card\" content=\"summary_large_image\" \/>\n<meta name=\"twitter:label1\" content=\"Est. reading time\" \/>\n\t<meta name=\"twitter:data1\" content=\"2 minutes\" \/>\n<script type=\"application\/ld+json\" class=\"yoast-schema-graph\">{\"@context\":\"https:\/\/schema.org\",\"@graph\":[{\"@type\":\"WebPage\",\"@id\":\"https:\/\/orca-solutions.hr\/site\/konstruiranje-i-dizajn\/\",\"url\":\"https:\/\/orca-solutions.hr\/site\/konstruiranje-i-dizajn\/\",\"name\":\"KONSTRUIRANJE I DIZAJN - ORCA SOLUTIONS\",\"isPartOf\":{\"@id\":\"https:\/\/orca-solutions.hr\/site\/en\/#website\"},\"primaryImageOfPage\":{\"@id\":\"https:\/\/orca-solutions.hr\/site\/konstruiranje-i-dizajn\/#primaryimage\"},\"image\":{\"@id\":\"https:\/\/orca-solutions.hr\/site\/konstruiranje-i-dizajn\/#primaryimage\"},\"thumbnailUrl\":\"https:\/\/orca-solutions.hr\/site\/wp-content\/uploads\/2024\/11\/pexels-ludodelot-18471537.jpg\",\"datePublished\":\"2024-03-25T14:03:49+00:00\",\"dateModified\":\"2024-11-27T13:48:35+00:00\",\"breadcrumb\":{\"@id\":\"https:\/\/orca-solutions.hr\/site\/konstruiranje-i-dizajn\/#breadcrumb\"},\"inLanguage\":\"en-US\",\"potentialAction\":[{\"@type\":\"ReadAction\",\"target\":[\"https:\/\/orca-solutions.hr\/site\/konstruiranje-i-dizajn\/\"]}]},{\"@type\":\"ImageObject\",\"inLanguage\":\"en-US\",\"@id\":\"https:\/\/orca-solutions.hr\/site\/konstruiranje-i-dizajn\/#primaryimage\",\"url\":\"https:\/\/orca-solutions.hr\/site\/wp-content\/uploads\/2024\/11\/pexels-ludodelot-18471537.jpg\",\"contentUrl\":\"https:\/\/orca-solutions.hr\/site\/wp-content\/uploads\/2024\/11\/pexels-ludodelot-18471537.jpg\",\"width\":5334,\"height\":4000},{\"@type\":\"BreadcrumbList\",\"@id\":\"https:\/\/orca-solutions.hr\/site\/konstruiranje-i-dizajn\/#breadcrumb\",\"itemListElement\":[{\"@type\":\"ListItem\",\"position\":1,\"name\":\"Po\u010detna stranica\",\"item\":\"https:\/\/orca-solutions.hr\/site\/en\/\"},{\"@type\":\"ListItem\",\"position\":2,\"name\":\"KONSTRUIRANJE I DIZAJN\"}]},{\"@type\":\"WebSite\",\"@id\":\"https:\/\/orca-solutions.hr\/site\/en\/#website\",\"url\":\"https:\/\/orca-solutions.hr\/site\/en\/\",\"name\":\"ORCA SOLUTIONS\",\"description\":\"Teach steel, save bones\",\"publisher\":{\"@id\":\"https:\/\/orca-solutions.hr\/site\/en\/#organization\"},\"alternateName\":\"ORCA\",\"potentialAction\":[{\"@type\":\"SearchAction\",\"target\":{\"@type\":\"EntryPoint\",\"urlTemplate\":\"https:\/\/orca-solutions.hr\/site\/en\/?s={search_term_string}\"},\"query-input\":\"required name=search_term_string\"}],\"inLanguage\":\"en-US\"},{\"@type\":\"Organization\",\"@id\":\"https:\/\/orca-solutions.hr\/site\/en\/#organization\",\"name\":\"ORCA SOLUTIONS j.d.o.o.\",\"alternateName\":\"ORCA\",\"url\":\"https:\/\/orca-solutions.hr\/site\/en\/\",\"logo\":{\"@type\":\"ImageObject\",\"inLanguage\":\"en-US\",\"@id\":\"https:\/\/orca-solutions.hr\/site\/en\/#\/schema\/logo\/image\/\",\"url\":\"https:\/\/orca-solutions.hr\/site\/wp-content\/uploads\/2023\/02\/cropped-cropped-orca-logo-ver.1-bebe-1.png\",\"contentUrl\":\"https:\/\/orca-solutions.hr\/site\/wp-content\/uploads\/2023\/02\/cropped-cropped-orca-logo-ver.1-bebe-1.png\",\"width\":512,\"height\":512,\"caption\":\"ORCA SOLUTIONS j.d.o.o.\"},\"image\":{\"@id\":\"https:\/\/orca-solutions.hr\/site\/en\/#\/schema\/logo\/image\/\"},\"sameAs\":[\"https:\/\/www.facebook.com\/profile.php?id=100093337872576\",\"https:\/\/hr.linkedin.com\/company\/orca-solutions-22?trk=similar-pages\"]}]}<\/script>\n<!-- \/ Yoast SEO plugin. -->","yoast_head_json":{"title":"KONSTRUIRANJE I DIZAJN - ORCA SOLUTIONS","robots":{"index":"index","follow":"follow","max-snippet":"max-snippet:-1","max-image-preview":"max-image-preview:large","max-video-preview":"max-video-preview:-1"},"canonical":"https:\/\/orca-solutions.hr\/site\/en\/konstruiranje-i-dizajn\/","og_locale":"en_US","og_type":"article","og_title":"KONSTRUIRANJE I DIZAJN - ORCA SOLUTIONS","og_description":"Inovacija je klju\u010d uspjeha, stoga nam je izuzetno zadovoljstvo stvoriti stroj prilago\u0111en va\u0161im potrebama. Izrada automatizacijskih sustava po va\u0161im potrebama","og_url":"https:\/\/orca-solutions.hr\/site\/en\/konstruiranje-i-dizajn\/","og_site_name":"ORCA SOLUTIONS","article_publisher":"https:\/\/www.facebook.com\/profile.php?id=100093337872576","article_modified_time":"2024-11-27T13:48:35+00:00","og_image":[{"url":"https:\/\/orca-solutions.hr\/site\/wp-content\/uploads\/2024\/11\/pexels-ludodelot-18471537.jpg","width":1024,"height":768,"type":"image\/jpeg"}],"twitter_card":"summary_large_image","twitter_misc":{"Est. reading time":"2 minutes"},"schema":{"@context":"https:\/\/schema.org","@graph":[{"@type":"WebPage","@id":"https:\/\/orca-solutions.hr\/site\/konstruiranje-i-dizajn\/","url":"https:\/\/orca-solutions.hr\/site\/konstruiranje-i-dizajn\/","name":"KONSTRUIRANJE I DIZAJN - ORCA SOLUTIONS","isPartOf":{"@id":"https:\/\/orca-solutions.hr\/site\/en\/#website"},"primaryImageOfPage":{"@id":"https:\/\/orca-solutions.hr\/site\/konstruiranje-i-dizajn\/#primaryimage"},"image":{"@id":"https:\/\/orca-solutions.hr\/site\/konstruiranje-i-dizajn\/#primaryimage"},"thumbnailUrl":"https:\/\/orca-solutions.hr\/site\/wp-content\/uploads\/2024\/11\/pexels-ludodelot-18471537.jpg","datePublished":"2024-03-25T14:03:49+00:00","dateModified":"2024-11-27T13:48:35+00:00","breadcrumb":{"@id":"https:\/\/orca-solutions.hr\/site\/konstruiranje-i-dizajn\/#breadcrumb"},"inLanguage":"en-US","potentialAction":[{"@type":"ReadAction","target":["https:\/\/orca-solutions.hr\/site\/konstruiranje-i-dizajn\/"]}]},{"@type":"ImageObject","inLanguage":"en-US","@id":"https:\/\/orca-solutions.hr\/site\/konstruiranje-i-dizajn\/#primaryimage","url":"https:\/\/orca-solutions.hr\/site\/wp-content\/uploads\/2024\/11\/pexels-ludodelot-18471537.jpg","contentUrl":"https:\/\/orca-solutions.hr\/site\/wp-content\/uploads\/2024\/11\/pexels-ludodelot-18471537.jpg","width":5334,"height":4000},{"@type":"BreadcrumbList","@id":"https:\/\/orca-solutions.hr\/site\/konstruiranje-i-dizajn\/#breadcrumb","itemListElement":[{"@type":"ListItem","position":1,"name":"Po\u010detna stranica","item":"https:\/\/orca-solutions.hr\/site\/en\/"},{"@type":"ListItem","position":2,"name":"KONSTRUIRANJE I DIZAJN"}]},{"@type":"WebSite","@id":"https:\/\/orca-solutions.hr\/site\/en\/#website","url":"https:\/\/orca-solutions.hr\/site\/en\/","name":"ORCA SOLUTIONS","description":"Teach steel, save bones","publisher":{"@id":"https:\/\/orca-solutions.hr\/site\/en\/#organization"},"alternateName":"ORCA","potentialAction":[{"@type":"SearchAction","target":{"@type":"EntryPoint","urlTemplate":"https:\/\/orca-solutions.hr\/site\/en\/?s={search_term_string}"},"query-input":"required name=search_term_string"}],"inLanguage":"en-US"},{"@type":"Organization","@id":"https:\/\/orca-solutions.hr\/site\/en\/#organization","name":"ORCA SOLUTIONS j.d.o.o.","alternateName":"ORCA","url":"https:\/\/orca-solutions.hr\/site\/en\/","logo":{"@type":"ImageObject","inLanguage":"en-US","@id":"https:\/\/orca-solutions.hr\/site\/en\/#\/schema\/logo\/image\/","url":"https:\/\/orca-solutions.hr\/site\/wp-content\/uploads\/2023\/02\/cropped-cropped-orca-logo-ver.1-bebe-1.png","contentUrl":"https:\/\/orca-solutions.hr\/site\/wp-content\/uploads\/2023\/02\/cropped-cropped-orca-logo-ver.1-bebe-1.png","width":512,"height":512,"caption":"ORCA SOLUTIONS j.d.o.o."},"image":{"@id":"https:\/\/orca-solutions.hr\/site\/en\/#\/schema\/logo\/image\/"},"sameAs":["https:\/\/www.facebook.com\/profile.php?id=100093337872576","https:\/\/hr.linkedin.com\/company\/orca-solutions-22?trk=similar-pages"]}]}},"_links":{"self":[{"href":"https:\/\/orca-solutions.hr\/site\/en\/wp-json\/wp\/v2\/pages\/414","targetHints":{"allow":["GET"]}}],"collection":[{"href":"https:\/\/orca-solutions.hr\/site\/en\/wp-json\/wp\/v2\/pages"}],"about":[{"href":"https:\/\/orca-solutions.hr\/site\/en\/wp-json\/wp\/v2\/types\/page"}],"author":[{"embeddable":true,"href":"https:\/\/orca-solutions.hr\/site\/en\/wp-json\/wp\/v2\/users\/1"}],"replies":[{"embeddable":true,"href":"https:\/\/orca-solutions.hr\/site\/en\/wp-json\/wp\/v2\/comments?post=414"}],"version-history":[{"count":6,"href":"https:\/\/orca-solutions.hr\/site\/en\/wp-json\/wp\/v2\/pages\/414\/revisions"}],"predecessor-version":[{"id":480,"href":"https:\/\/orca-solutions.hr\/site\/en\/wp-json\/wp\/v2\/pages\/414\/revisions\/480"}],"wp:featuredmedia":[{"embeddable":true,"href":"https:\/\/orca-solutions.hr\/site\/en\/wp-json\/wp\/v2\/media\/461"}],"wp:attachment":[{"href":"https:\/\/orca-solutions.hr\/site\/en\/wp-json\/wp\/v2\/media?parent=414"}],"curies":[{"name":"wp","href":"https:\/\/api.w.org\/{rel}","templated":true}]}}